{"id":702,"date":"2025-10-09T08:46:01","date_gmt":"2025-10-09T08:46:01","guid":{"rendered":"https:\/\/rcv.wp.targx.io\/?page_id=702"},"modified":"2025-10-09T08:53:55","modified_gmt":"2025-10-09T08:53:55","slug":"museu","status":"publish","type":"page","link":"https:\/\/rcv.wp.targx.io\/en\/museu\/","title":{"rendered":"Museu"},"content":{"rendered":"<div data-elementor-type=\"wp-page\" data-elementor-id=\"702\" class=\"elementor elementor-702\" data-elementor-post-type=\"page\">\n\t\t\t\t<div class=\"elementor-element elementor-element-691ee54 e-con-full e-flex e-con e-parent\" data-id=\"691ee54\" data-element_type=\"container\" data-settings=\"{&quot;background_background&quot;:&quot;classic&quot;}\">\n\t\t\t\t<div class=\"elementor-element elementor-element-4a2c3ca elementor-widget__width-inherit elementor-widget elementor-widget-image\" data-id=\"4a2c3ca\" data-element_type=\"widget\" data-widget_type=\"image.default\">\n\t\t\t\t\t\t\t\t\t\t\t\t\t\t\t<img fetchpriority=\"high\" decoding=\"async\" width=\"1440\" height=\"615\" src=\"https:\/\/rcv.wp.targx.io\/wp-content\/uploads\/2025\/09\/Exposicao-Banner.png\" class=\"attachment-2048x2048 size-2048x2048 wp-image-435\" alt=\"\" srcset=\"https:\/\/rcv.wp.targx.io\/wp-content\/uploads\/2025\/09\/Exposicao-Banner.png 1440w, https:\/\/rcv.wp.targx.io\/wp-content\/uploads\/2025\/09\/Exposicao-Banner-300x128.png 300w, https:\/\/rcv.wp.targx.io\/wp-content\/uploads\/2025\/09\/Exposicao-Banner-1024x437.png 1024w, https:\/\/rcv.wp.targx.io\/wp-content\/uploads\/2025\/09\/Exposicao-Banner-768x328.png 768w, https:\/\/rcv.wp.targx.io\/wp-content\/uploads\/2025\/09\/Exposicao-Banner-18x8.png 18w, https:\/\/rcv.wp.targx.io\/wp-content\/uploads\/2025\/09\/Exposicao-Banner-600x256.png 600w\" sizes=\"(max-width: 1440px) 100vw, 1440px\" \/>\t\t\t\t\t\t\t\t\t\t\t\t\t\t\t<\/div>\n\t\t\t\t<div class=\"elementor-element elementor-element-963e158 elementor-widget elementor-widget-heading\" data-id=\"963e158\" data-element_type=\"widget\" data-widget_type=\"heading.default\">\n\t\t\t\t\t<h2 class=\"elementor-heading-title elementor-size-default\">O Museu<\/h2>\t\t\t\t<\/div>\n\t\t\t\t<\/div>\n\t\t<div class=\"elementor-element elementor-element-14a0ea0 e-con-full e-flex e-con e-parent\" data-id=\"14a0ea0\" data-element_type=\"container\" data-settings=\"{&quot;background_background&quot;:&quot;classic&quot;}\">\n\t\t<div class=\"elementor-element elementor-element-c436188 e-con-full e-flex e-con e-child\" data-id=\"c436188\" data-element_type=\"container\" data-settings=\"{&quot;background_background&quot;:&quot;classic&quot;}\">\n\t\t\t\t<div class=\"elementor-element elementor-element-a8222cf elementor-widget elementor-widget-heading\" data-id=\"a8222cf\" data-element_type=\"widget\" data-widget_type=\"heading.default\">\n\t\t\t\t\t<h2 class=\"elementor-heading-title elementor-size-default\">Miss\u00e3o<\/h2>\t\t\t\t<\/div>\n\t\t\t\t<div class=\"elementor-element elementor-element-1bad38e elementor-widget elementor-widget-text-editor\" data-id=\"1bad38e\" data-element_type=\"widget\" data-widget_type=\"text-editor.default\">\n\t\t\t\t\t\t\t\t\t<p class=\"p1\"><span class=\"s1\">O Museu da Real Companhia Velha \u2013 1\u00ba Regi\u00e3o Demarcada e Regulamentada do Mundo, tem por miss\u00e3o partilhar com o grande p\u00fablico o precioso esp\u00f3lio documental e art\u00edstico, reunido e preservado ao longo de mais de 260 anos.<\/span><\/p><p class=\"p1\"><span class=\"s1\">Estabelecendo-se como uma identidade institucional, o Museu pretende promover e divulgar a hist\u00f3ria e a cultura do Vinho do Porto que de forma matricial a Companhia ajudou a construir.<\/span><\/p>\t\t\t\t\t\t\t\t<\/div>\n\t\t\t\t<\/div>\n\t\t\t\t<\/div>\n\t\t<div class=\"elementor-element elementor-element-e4d5260 e-con-full e-flex e-con e-parent\" data-id=\"e4d5260\" data-element_type=\"container\" data-settings=\"{&quot;background_background&quot;:&quot;classic&quot;}\">\n\t\t<div class=\"elementor-element elementor-element-2dd939f e-con-full e-flex e-con e-child\" data-id=\"2dd939f\" data-element_type=\"container\" data-settings=\"{&quot;background_background&quot;:&quot;classic&quot;}\">\n\t\t\t\t<div class=\"elementor-element elementor-element-997328a elementor-widget elementor-widget-heading\" data-id=\"997328a\" data-element_type=\"widget\" data-widget_type=\"heading.default\">\n\t\t\t\t\t<h2 class=\"elementor-heading-title elementor-size-default\">Objetivos<\/h2>\t\t\t\t<\/div>\n\t\t\t\t<div class=\"elementor-element elementor-element-858df46 elementor-widget elementor-widget-text-editor\" data-id=\"858df46\" data-element_type=\"widget\" data-widget_type=\"text-editor.default\">\n\t\t\t\t\t\t\t\t\t<p class=\"p1\">O Museu da 1\u00aa Demarca\u00e7\u00e3o, tem como intuito a valoriza\u00e7\u00e3o do acervo, pertencente \u00e0 Real Companhia Velha. Neste sentido, a nossa atua\u00e7\u00e3o foca-se na investiga\u00e7\u00e3o, incorpora\u00e7\u00e3o, invent\u00e1rio, documenta\u00e7\u00e3o, conserva\u00e7\u00e3o, interpreta\u00e7\u00e3o, exposi\u00e7\u00e3o e divulga\u00e7\u00e3o, com fins cient\u00edficos, educativos e l\u00fadicos, ao promover o acesso regular do p\u00fablico ao esp\u00f3lio em exposi\u00e7\u00e3o no Museu.<\/p><p class=\"p1\">Os objetivos a que nos propomos s\u00e3o os seguintes:<\/p><ul><li class=\"p1\">Identificar, inventariar, estudar, salvaguardar, valorizar e divulgar o patrim\u00f3nio que integra o nosso acervo. Dinamizando projetos de investiga\u00e7\u00e3o e debate cient\u00edfico sobre diversas tem\u00e1ticas de acordo com a voca\u00e7\u00e3o do Museu: a regi\u00e3o do Douro, o vinho do Porto e a hist\u00f3ria da Real Companhia Velha;<\/li><li class=\"p1\">Tornar p\u00fablicos os resultados dessa investiga\u00e7\u00e3o e debate, quer atrav\u00e9s de exposi\u00e7\u00f5es, e\/ou visitas guiadas, quer sob a forma de edi\u00e7\u00f5es pr\u00f3prias ou pela participa\u00e7\u00e3o em publica\u00e7\u00f5es conjuntas, tanto ao n\u00edvel da investiga\u00e7\u00e3o cient\u00edfica, como da sua divulga\u00e7\u00e3o e publicita\u00e7\u00e3o;<\/li><li class=\"p1\">Ampliar as cole\u00e7\u00f5es do Museu de acordo com a pol\u00edtica de incorpora\u00e7\u00f5es e com o programa museol\u00f3gico, ambos em implementa\u00e7\u00e3o;<\/li><li class=\"p1\">Apoiar e colaborar no trabalho desenvolvido por institui\u00e7\u00f5es culturais afins, com os organismos do Estado que superintendem o patrim\u00f3nio cultural, com outros museus e com outras entidades culturais, nacionais e internacionais;<\/li><li class=\"p1\">Propor o estabelecimento de parcerias com institui\u00e7\u00f5es municipais, nacionais e internacionais que visem id\u00eanticos objetivos, colaborando tamb\u00e9m com os estabelecimentos de todos os n\u00edveis de ensino;<\/li><li class=\"p1\">Promover atrav\u00e9s de um plano de atividades, um conjunto de atividades culturais diversificadas com vista \u00e0 fideliza\u00e7\u00e3o e capta\u00e7\u00e3o de novos p\u00fablicos, associando-se e colaborando com iniciativas externas, que sejam pertinentes de acordo com a voca\u00e7\u00e3o do Museu;<\/li><li class=\"p1\">Constituir-se atrav\u00e9s do Servi\u00e7o Educativo, como um recurso educativo n\u00e3o formal, econ\u00f3mico e social de desenvolvimento.<\/li><\/ul>\t\t\t\t\t\t\t\t<\/div>\n\t\t\t\t<\/div>\n\t\t\t\t<\/div>\n\t\t\t\t<\/div>","protected":false},"excerpt":{"rendered":"<p>O Museu Miss\u00e3o O Museu da Real Companhia Velha \u2013 1\u00ba Regi\u00e3o Demarcada e Regulamentada do Mundo, tem por miss\u00e3o partilhar com o grande p\u00fablico o precioso esp\u00f3lio documental e art\u00edstico, reunido e preservado ao longo de mais de 260 anos. Estabelecendo-se como uma identidade institucional, o Museu pretende promover e divulgar a hist\u00f3ria e [&hellip;]<\/p>","protected":false},"author":1,"featured_media":0,"parent":0,"menu_order":0,"comment_status":"closed","ping_status":"closed","template":"","meta":{"_acf_changed":false,"footnotes":""},"class_list":["post-702","page","type-page","status-publish","hentry"],"acf":[],"_links":{"self":[{"href":"https:\/\/rcv.wp.targx.io\/en\/wp-json\/wp\/v2\/pages\/702","targetHints":{"allow":["GET"]}}],"collection":[{"href":"https:\/\/rcv.wp.targx.io\/en\/wp-json\/wp\/v2\/pages"}],"about":[{"href":"https:\/\/rcv.wp.targx.io\/en\/wp-json\/wp\/v2\/types\/page"}],"author":[{"embeddable":true,"href":"https:\/\/rcv.wp.targx.io\/en\/wp-json\/wp\/v2\/users\/1"}],"replies":[{"embeddable":true,"href":"https:\/\/rcv.wp.targx.io\/en\/wp-json\/wp\/v2\/comments?post=702"}],"version-history":[{"count":7,"href":"https:\/\/rcv.wp.targx.io\/en\/wp-json\/wp\/v2\/pages\/702\/revisions"}],"predecessor-version":[{"id":712,"href":"https:\/\/rcv.wp.targx.io\/en\/wp-json\/wp\/v2\/pages\/702\/revisions\/712"}],"wp:attachment":[{"href":"https:\/\/rcv.wp.targx.io\/en\/wp-json\/wp\/v2\/media?parent=702"}],"curies":[{"name":"wp","href":"https:\/\/api.w.org\/{rel}","templated":true}]}}