{"id":545,"date":"2025-09-29T16:03:10","date_gmt":"2025-09-29T16:03:10","guid":{"rendered":"https:\/\/rcv.wp.targx.io\/?page_id=545"},"modified":"2025-10-09T10:43:58","modified_gmt":"2025-10-09T10:43:58","slug":"noticias-2","status":"publish","type":"page","link":"https:\/\/rcv.wp.targx.io\/en\/noticias-2\/","title":{"rendered":"Not\u00edcias"},"content":{"rendered":"<div data-elementor-type=\"wp-page\" data-elementor-id=\"545\" class=\"elementor elementor-545\" data-elementor-post-type=\"page\">\n\t\t\t\t<div class=\"elementor-element elementor-element-691ee54 e-con-full e-flex e-con e-parent\" data-id=\"691ee54\" data-element_type=\"container\" data-settings=\"{&quot;background_background&quot;:&quot;classic&quot;}\">\n\t\t\t\t<div class=\"elementor-element elementor-element-47ff70d elementor-widget__width-inherit elementor-widget elementor-widget-image\" data-id=\"47ff70d\" data-element_type=\"widget\" data-widget_type=\"image.default\">\n\t\t\t\t\t\t\t\t\t\t\t\t\t\t\t<img fetchpriority=\"high\" decoding=\"async\" width=\"1536\" height=\"1024\" src=\"https:\/\/rcv.wp.targx.io\/wp-content\/uploads\/2025\/09\/CECI7118-1-1536x1024.jpg\" class=\"attachment-1536x1536 size-1536x1536 wp-image-568\" alt=\"\" srcset=\"https:\/\/rcv.wp.targx.io\/wp-content\/uploads\/2025\/09\/CECI7118-1-1536x1024.jpg 1536w, https:\/\/rcv.wp.targx.io\/wp-content\/uploads\/2025\/09\/CECI7118-1-300x200.jpg 300w, https:\/\/rcv.wp.targx.io\/wp-content\/uploads\/2025\/09\/CECI7118-1-1024x683.jpg 1024w, https:\/\/rcv.wp.targx.io\/wp-content\/uploads\/2025\/09\/CECI7118-1-768x512.jpg 768w, https:\/\/rcv.wp.targx.io\/wp-content\/uploads\/2025\/09\/CECI7118-1-2048x1365.jpg 2048w, https:\/\/rcv.wp.targx.io\/wp-content\/uploads\/2025\/09\/CECI7118-1-18x12.jpg 18w, https:\/\/rcv.wp.targx.io\/wp-content\/uploads\/2025\/09\/CECI7118-1-600x400.jpg 600w\" sizes=\"(max-width: 1536px) 100vw, 1536px\" \/>\t\t\t\t\t\t\t\t\t\t\t\t\t\t\t<\/div>\n\t\t\t\t<div class=\"elementor-element elementor-element-4a1701d elementor-widget elementor-widget-heading\" data-id=\"4a1701d\" data-element_type=\"widget\" data-widget_type=\"heading.default\">\n\t\t\t\t\t<h2 class=\"elementor-heading-title elementor-size-default\">Not\u00edcias<\/h2>\t\t\t\t<\/div>\n\t\t\t\t<\/div>\n\t\t<div class=\"elementor-element elementor-element-5e68bf6 e-flex e-con-boxed e-con e-parent\" data-id=\"5e68bf6\" data-element_type=\"container\">\n\t\t\t\t\t<div class=\"e-con-inner\">\n\t\t\t\t<div class=\"elementor-element elementor-element-3501b0d elementor-grid-3 elementor-grid-tablet-2 elementor-grid-mobile-1 elementor-posts--thumbnail-top elementor-card-shadow-yes elementor-posts__hover-gradient elementor-widget elementor-widget-posts\" data-id=\"3501b0d\" data-element_type=\"widget\" data-settings=\"{&quot;cards_columns&quot;:&quot;3&quot;,&quot;cards_columns_tablet&quot;:&quot;2&quot;,&quot;cards_columns_mobile&quot;:&quot;1&quot;,&quot;cards_row_gap&quot;:{&quot;unit&quot;:&quot;px&quot;,&quot;size&quot;:35,&quot;sizes&quot;:[]},&quot;cards_row_gap_tablet&quot;:{&quot;unit&quot;:&quot;px&quot;,&quot;size&quot;:&quot;&quot;,&quot;sizes&quot;:[]},&quot;cards_row_gap_mobile&quot;:{&quot;unit&quot;:&quot;px&quot;,&quot;size&quot;:&quot;&quot;,&quot;sizes&quot;:[]}}\" data-widget_type=\"posts.cards\">\n\t\t\t\t<div class=\"elementor-widget-container\">\n\t\t\t\t\t\t\t<div class=\"elementor-posts-container elementor-posts elementor-posts--skin-cards elementor-grid\" role=\"list\">\n\t\t\t\t<article class=\"elementor-post elementor-grid-item post-552 post type-post status-publish format-standard has-post-thumbnail hentry category-sem-categoria\" role=\"listitem\">\n\t\t\t<div class=\"elementor-post__card\">\n\t\t\t\t<a class=\"elementor-post__thumbnail__link\" href=\"https:\/\/rcv.wp.targx.io\/en\/2025\/09\/29\/ja-esta\/\" tabindex=\"-1\" ><div class=\"elementor-post__thumbnail\"><img decoding=\"async\" width=\"300\" height=\"200\" src=\"https:\/\/rcv.wp.targx.io\/wp-content\/uploads\/2025\/09\/CECI7118-1-300x200.jpg\" class=\"attachment-medium size-medium wp-image-568\" alt=\"\" srcset=\"https:\/\/rcv.wp.targx.io\/wp-content\/uploads\/2025\/09\/CECI7118-1-300x200.jpg 300w, https:\/\/rcv.wp.targx.io\/wp-content\/uploads\/2025\/09\/CECI7118-1-1024x683.jpg 1024w, https:\/\/rcv.wp.targx.io\/wp-content\/uploads\/2025\/09\/CECI7118-1-768x512.jpg 768w, https:\/\/rcv.wp.targx.io\/wp-content\/uploads\/2025\/09\/CECI7118-1-1536x1024.jpg 1536w, https:\/\/rcv.wp.targx.io\/wp-content\/uploads\/2025\/09\/CECI7118-1-2048x1365.jpg 2048w, https:\/\/rcv.wp.targx.io\/wp-content\/uploads\/2025\/09\/CECI7118-1-18x12.jpg 18w, https:\/\/rcv.wp.targx.io\/wp-content\/uploads\/2025\/09\/CECI7118-1-600x400.jpg 600w\" sizes=\"(max-width: 300px) 100vw, 300px\" \/><\/div><\/a>\n\t\t\t\t<div class=\"elementor-post__text\">\n\t\t\t\t<h3 class=\"elementor-post__title\">\n\t\t\t<a href=\"https:\/\/rcv.wp.targx.io\/en\/2025\/09\/29\/ja-esta\/\" >\n\t\t\t\tO seu segundo Post\t\t\t<\/a>\n\t\t<\/h3>\n\t\t\t\t<div class=\"elementor-post__excerpt\">\n\t\t\t<p>Post n\u00ba1 &#8211; T\u00edtulo Este \u00e9 o seu primeiro artigo. Edite-o ou elimine-o, e depois comece a escrever! Lembre-se se precisar de escrever um novo,<\/p>\n\t\t<\/div>\n\t\t\t\t\t<div class=\"elementor-post__read-more-wrapper\">\n\t\t\n\t\t<a class=\"elementor-post__read-more\" href=\"https:\/\/rcv.wp.targx.io\/en\/2025\/09\/29\/ja-esta\/\" aria-label=\"Read more about O seu segundo Post\" tabindex=\"-1\" >\n\t\t\tRead More \u00bb\t\t<\/a>\n\n\t\t\t\t\t<\/div>\n\t\t\t\t<\/div>\n\t\t\t\t<div class=\"elementor-post__meta-data\">\n\t\t\t\t\t<span class=\"elementor-post-date\">\n\t\t\t29 de September, 2025\t\t<\/span>\n\t\t\t\t<\/div>\n\t\t\t\t\t<\/div>\n\t\t<\/article>\n\t\t\t\t<article class=\"elementor-post elementor-grid-item post-530 post type-post status-publish format-standard has-post-thumbnail hentry category-sem-categoria\" role=\"listitem\">\n\t\t\t<div class=\"elementor-post__card\">\n\t\t\t\t<a class=\"elementor-post__thumbnail__link\" href=\"https:\/\/rcv.wp.targx.io\/en\/2025\/09\/29\/a-chegada-a-ser\/\" tabindex=\"-1\" ><div class=\"elementor-post__thumbnail\"><img decoding=\"async\" width=\"300\" height=\"200\" src=\"https:\/\/rcv.wp.targx.io\/wp-content\/uploads\/2025\/09\/LFA_20180720_058-300x200.jpg\" class=\"attachment-medium size-medium wp-image-466\" alt=\"\" srcset=\"https:\/\/rcv.wp.targx.io\/wp-content\/uploads\/2025\/09\/LFA_20180720_058-300x200.jpg 300w, https:\/\/rcv.wp.targx.io\/wp-content\/uploads\/2025\/09\/LFA_20180720_058-1024x683.jpg 1024w, https:\/\/rcv.wp.targx.io\/wp-content\/uploads\/2025\/09\/LFA_20180720_058-768x512.jpg 768w, https:\/\/rcv.wp.targx.io\/wp-content\/uploads\/2025\/09\/LFA_20180720_058-1536x1024.jpg 1536w, https:\/\/rcv.wp.targx.io\/wp-content\/uploads\/2025\/09\/LFA_20180720_058-2048x1365.jpg 2048w, https:\/\/rcv.wp.targx.io\/wp-content\/uploads\/2025\/09\/LFA_20180720_058-18x12.jpg 18w, https:\/\/rcv.wp.targx.io\/wp-content\/uploads\/2025\/09\/LFA_20180720_058-600x400.jpg 600w\" sizes=\"(max-width: 300px) 100vw, 300px\" \/><\/div><\/a>\n\t\t\t\t<div class=\"elementor-post__text\">\n\t\t\t\t<h3 class=\"elementor-post__title\">\n\t\t\t<a href=\"https:\/\/rcv.wp.targx.io\/en\/2025\/09\/29\/a-chegada-a-ser\/\" >\n\t\t\t\tPost do dia 29\/09\/2025\t\t\t<\/a>\n\t\t<\/h3>\n\t\t\t\t<div class=\"elementor-post__excerpt\">\n\t\t\t<p>Este \u00e9 o post n\u00famero dois do seu blog Este \u00e9 o seu primeiro artigo. Edite-o ou elimine-o, e depois comece a escrever! Lembre-se se<\/p>\n\t\t<\/div>\n\t\t\t\t\t<div class=\"elementor-post__read-more-wrapper\">\n\t\t\n\t\t<a class=\"elementor-post__read-more\" href=\"https:\/\/rcv.wp.targx.io\/en\/2025\/09\/29\/a-chegada-a-ser\/\" aria-label=\"Read more about Post do dia 29\/09\/2025\" tabindex=\"-1\" >\n\t\t\tRead More \u00bb\t\t<\/a>\n\n\t\t\t\t\t<\/div>\n\t\t\t\t<\/div>\n\t\t\t\t<div class=\"elementor-post__meta-data\">\n\t\t\t\t\t<span class=\"elementor-post-date\">\n\t\t\t29 de September, 2025\t\t<\/span>\n\t\t\t\t<\/div>\n\t\t\t\t\t<\/div>\n\t\t<\/article>\n\t\t\t\t<article class=\"elementor-post elementor-grid-item post-1 post type-post status-publish format-standard has-post-thumbnail hentry category-sem-categoria\" role=\"listitem\">\n\t\t\t<div class=\"elementor-post__card\">\n\t\t\t\t<a class=\"elementor-post__thumbnail__link\" href=\"https:\/\/rcv.wp.targx.io\/en\/2025\/09\/04\/ola-mundo\/\" tabindex=\"-1\" ><div class=\"elementor-post__thumbnail\"><img loading=\"lazy\" decoding=\"async\" width=\"300\" height=\"200\" src=\"https:\/\/rcv.wp.targx.io\/wp-content\/uploads\/2025\/09\/LFA_20180713_023-300x200.jpg\" class=\"attachment-medium size-medium wp-image-465\" alt=\"\" srcset=\"https:\/\/rcv.wp.targx.io\/wp-content\/uploads\/2025\/09\/LFA_20180713_023-300x200.jpg 300w, https:\/\/rcv.wp.targx.io\/wp-content\/uploads\/2025\/09\/LFA_20180713_023-1024x683.jpg 1024w, https:\/\/rcv.wp.targx.io\/wp-content\/uploads\/2025\/09\/LFA_20180713_023-768x512.jpg 768w, https:\/\/rcv.wp.targx.io\/wp-content\/uploads\/2025\/09\/LFA_20180713_023-1536x1024.jpg 1536w, https:\/\/rcv.wp.targx.io\/wp-content\/uploads\/2025\/09\/LFA_20180713_023-18x12.jpg 18w, https:\/\/rcv.wp.targx.io\/wp-content\/uploads\/2025\/09\/LFA_20180713_023-600x400.jpg 600w\" sizes=\"(max-width: 300px) 100vw, 300px\" \/><\/div><\/a>\n\t\t\t\t<div class=\"elementor-post__text\">\n\t\t\t\t<h3 class=\"elementor-post__title\">\n\t\t\t<a href=\"https:\/\/rcv.wp.targx.io\/en\/2025\/09\/04\/ola-mundo\/\" >\n\t\t\t\tO seu primeiro Post\t\t\t<\/a>\n\t\t<\/h3>\n\t\t\t\t<div class=\"elementor-post__excerpt\">\n\t\t\t<p>Post n\u00ba1 &#8211; T\u00edtulo Este \u00e9 o seu primeiro artigo. Edite-o ou elimine-o, e depois comece a escrever! Lembre-se se precisar de escrever um novo,<\/p>\n\t\t<\/div>\n\t\t\t\t\t<div class=\"elementor-post__read-more-wrapper\">\n\t\t\n\t\t<a class=\"elementor-post__read-more\" href=\"https:\/\/rcv.wp.targx.io\/en\/2025\/09\/04\/ola-mundo\/\" aria-label=\"Read more about O seu primeiro Post\" tabindex=\"-1\" >\n\t\t\tRead More \u00bb\t\t<\/a>\n\n\t\t\t\t\t<\/div>\n\t\t\t\t<\/div>\n\t\t\t\t<div class=\"elementor-post__meta-data\">\n\t\t\t\t\t<span class=\"elementor-post-date\">\n\t\t\t4 de September, 2025\t\t<\/span>\n\t\t\t\t<\/div>\n\t\t\t\t\t<\/div>\n\t\t<\/article>\n\t\t\t\t<\/div>\n\t\t\n\t\t\t\t\t\t<\/div>\n\t\t\t\t<\/div>\n\t\t\t\t\t<\/div>\n\t\t\t\t<\/div>\n\t\t\t\t<\/div>","protected":false},"excerpt":{"rendered":"<p>Not\u00edcias<\/p>","protected":false},"author":1,"featured_media":0,"parent":0,"menu_order":0,"comment_status":"closed","ping_status":"closed","template":"","meta":{"_acf_changed":false,"footnotes":""},"class_list":["post-545","page","type-page","status-publish","hentry"],"acf":[],"_links":{"self":[{"href":"https:\/\/rcv.wp.targx.io\/en\/wp-json\/wp\/v2\/pages\/545","targetHints":{"allow":["GET"]}}],"collection":[{"href":"https:\/\/rcv.wp.targx.io\/en\/wp-json\/wp\/v2\/pages"}],"about":[{"href":"https:\/\/rcv.wp.targx.io\/en\/wp-json\/wp\/v2\/types\/page"}],"author":[{"embeddable":true,"href":"https:\/\/rcv.wp.targx.io\/en\/wp-json\/wp\/v2\/users\/1"}],"replies":[{"embeddable":true,"href":"https:\/\/rcv.wp.targx.io\/en\/wp-json\/wp\/v2\/comments?post=545"}],"version-history":[{"count":22,"href":"https:\/\/rcv.wp.targx.io\/en\/wp-json\/wp\/v2\/pages\/545\/revisions"}],"predecessor-version":[{"id":745,"href":"https:\/\/rcv.wp.targx.io\/en\/wp-json\/wp\/v2\/pages\/545\/revisions\/745"}],"wp:attachment":[{"href":"https:\/\/rcv.wp.targx.io\/en\/wp-json\/wp\/v2\/media?parent=545"}],"curies":[{"name":"wp","href":"https:\/\/api.w.org\/{rel}","templated":true}]}}