{"id":331,"date":"2025-09-18T22:06:12","date_gmt":"2025-09-18T22:06:12","guid":{"rendered":"https:\/\/rcv.wp.targx.io\/?page_id=331"},"modified":"2025-10-09T11:05:15","modified_gmt":"2025-10-09T11:05:15","slug":"bilheteira","status":"publish","type":"page","link":"https:\/\/rcv.wp.targx.io\/en\/bilheteira\/","title":{"rendered":"Bilheteira"},"content":{"rendered":"<div data-elementor-type=\"wp-page\" data-elementor-id=\"331\" class=\"elementor elementor-331\" data-elementor-post-type=\"page\">\n\t\t\t\t<div class=\"elementor-element elementor-element-690169f e-con-full e-flex e-con e-parent\" data-id=\"690169f\" data-element_type=\"container\" data-settings=\"{&quot;background_background&quot;:&quot;classic&quot;}\">\n\t\t\t\t<div class=\"elementor-element elementor-element-9c4ae3c elementor-widget elementor-widget-heading\" data-id=\"9c4ae3c\" data-element_type=\"widget\" data-widget_type=\"heading.default\">\n\t\t\t\t\t<h2 class=\"elementor-heading-title elementor-size-default\">Bilheteira<\/h2>\t\t\t\t<\/div>\n\t\t\t\t<\/div>\n\t\t<div class=\"elementor-element elementor-element-9c27bd2 e-flex e-con-boxed e-con e-parent\" data-id=\"9c27bd2\" data-element_type=\"container\">\n\t\t\t\t\t<div class=\"e-con-inner\">\n\t\t<div class=\"elementor-element elementor-element-875f1db e-con-full e-flex e-con e-child\" data-id=\"875f1db\" data-element_type=\"container\">\n\t\t<div class=\"elementor-element elementor-element-bdffc3f e-con-full e-flex e-con e-child\" data-id=\"bdffc3f\" data-element_type=\"container\">\n\t\t\t\t<div class=\"elementor-element elementor-element-b3fc871 elementor-widget elementor-widget-image\" data-id=\"b3fc871\" data-element_type=\"widget\" data-widget_type=\"image.default\">\n\t\t\t\t\t\t\t\t\t\t\t\t\t\t\t<img fetchpriority=\"high\" decoding=\"async\" width=\"300\" height=\"300\" src=\"https:\/\/rcv.wp.targx.io\/wp-content\/uploads\/2025\/10\/bilh1-300x300.png\" class=\"attachment-medium size-medium wp-image-728\" alt=\"\" srcset=\"https:\/\/rcv.wp.targx.io\/wp-content\/uploads\/2025\/10\/bilh1-300x300.png 300w, https:\/\/rcv.wp.targx.io\/wp-content\/uploads\/2025\/10\/bilh1-150x150.png 150w, https:\/\/rcv.wp.targx.io\/wp-content\/uploads\/2025\/10\/bilh1-12x12.png 12w, https:\/\/rcv.wp.targx.io\/wp-content\/uploads\/2025\/10\/bilh1-100x100.png 100w, https:\/\/rcv.wp.targx.io\/wp-content\/uploads\/2025\/10\/bilh1.png 325w\" sizes=\"(max-width: 300px) 100vw, 300px\" \/>\t\t\t\t\t\t\t\t\t\t\t\t\t\t\t<\/div>\n\t\t\t\t<div class=\"elementor-element elementor-element-95a0b6a elementor-widget elementor-widget-heading\" data-id=\"95a0b6a\" data-element_type=\"widget\" data-widget_type=\"heading.default\">\n\t\t\t\t\t<h2 class=\"elementor-heading-title elementor-size-default\">Exposi\u00e7\u00e3o<\/h2>\t\t\t\t<\/div>\n\t\t<div class=\"elementor-element elementor-element-e44ff11 e-flex e-con-boxed e-con e-child\" data-id=\"e44ff11\" data-element_type=\"container\">\n\t\t\t\t\t<div class=\"e-con-inner\">\n\t\t\t\t<div class=\"elementor-element elementor-element-b226db8 elementor-widget__width-initial elementor-widget elementor-widget-text-editor\" data-id=\"b226db8\" data-element_type=\"widget\" data-widget_type=\"text-editor.default\">\n\t\t\t\t\t\t\t\t\t<p>Entrada Simples<\/p><p>Entrada Infantil<\/p>\t\t\t\t\t\t\t\t<\/div>\n\t\t\t\t<div class=\"elementor-element elementor-element-833dbfa elementor-widget__width-initial elementor-widget elementor-widget-text-editor\" data-id=\"833dbfa\" data-element_type=\"widget\" data-widget_type=\"text-editor.default\">\n\t\t\t\t\t\t\t\t\t<p>5.00\u20ac<\/p><p>2.50\u20ac<\/p>\t\t\t\t\t\t\t\t<\/div>\n\t\t\t\t\t<\/div>\n\t\t\t\t<\/div>\n\t\t\t\t<div class=\"elementor-element elementor-element-eb5b31b elementor-widget__width-initial elementor-widget elementor-widget-text-editor\" data-id=\"eb5b31b\" data-element_type=\"widget\" data-widget_type=\"text-editor.default\">\n\t\t\t\t\t\t\t\t\t<p>Entre os 6 e os 12 anos de idade<\/p>\t\t\t\t\t\t\t\t<\/div>\n\t\t\t\t<\/div>\n\t\t<div class=\"elementor-element elementor-element-e442421 e-con-full e-flex e-con e-child\" data-id=\"e442421\" data-element_type=\"container\">\n\t\t\t\t<div class=\"elementor-element elementor-element-66cc250 elementor-widget elementor-widget-image\" data-id=\"66cc250\" data-element_type=\"widget\" data-widget_type=\"image.default\">\n\t\t\t\t\t\t\t\t\t\t\t\t\t\t\t<img decoding=\"async\" width=\"300\" height=\"300\" src=\"https:\/\/rcv.wp.targx.io\/wp-content\/uploads\/2025\/10\/bilh2-300x300.png\" class=\"attachment-medium size-medium wp-image-723\" alt=\"\" srcset=\"https:\/\/rcv.wp.targx.io\/wp-content\/uploads\/2025\/10\/bilh2-300x300.png 300w, https:\/\/rcv.wp.targx.io\/wp-content\/uploads\/2025\/10\/bilh2-150x150.png 150w, https:\/\/rcv.wp.targx.io\/wp-content\/uploads\/2025\/10\/bilh2-12x12.png 12w, https:\/\/rcv.wp.targx.io\/wp-content\/uploads\/2025\/10\/bilh2-100x100.png 100w, https:\/\/rcv.wp.targx.io\/wp-content\/uploads\/2025\/10\/bilh2.png 325w\" sizes=\"(max-width: 300px) 100vw, 300px\" \/>\t\t\t\t\t\t\t\t\t\t\t\t\t\t\t<\/div>\n\t\t\t\t<div class=\"elementor-element elementor-element-c033a08 elementor-widget elementor-widget-heading\" data-id=\"c033a08\" data-element_type=\"widget\" data-widget_type=\"heading.default\">\n\t\t\t\t\t<h2 class=\"elementor-heading-title elementor-size-default\">Exposi\u00e7\u00e3o e<br>Prova<\/h2>\t\t\t\t<\/div>\n\t\t<div class=\"elementor-element elementor-element-b0f2282 e-con-full e-flex e-con e-child\" data-id=\"b0f2282\" data-element_type=\"container\">\n\t\t\t\t<div class=\"elementor-element elementor-element-2205f4a elementor-widget__width-initial elementor-widget elementor-widget-text-editor\" data-id=\"2205f4a\" data-element_type=\"widget\" data-widget_type=\"text-editor.default\">\n\t\t\t\t\t\t\t\t\t<p>Porto Experience<\/p>\t\t\t\t\t\t\t\t<\/div>\n\t\t\t\t<div class=\"elementor-element elementor-element-2ce7ef7 elementor-widget__width-initial elementor-widget elementor-widget-text-editor\" data-id=\"2ce7ef7\" data-element_type=\"widget\" data-widget_type=\"text-editor.default\">\n\t\t\t\t\t\t\t\t\t<p>12.00\u20ac<\/p>\t\t\t\t\t\t\t\t<\/div>\n\t\t\t\t<\/div>\n\t\t\t\t<div class=\"elementor-element elementor-element-b86f776 elementor-widget__width-initial elementor-widget elementor-widget-text-editor\" data-id=\"b86f776\" data-element_type=\"widget\" data-widget_type=\"text-editor.default\">\n\t\t\t\t\t\t\t\t\t<p>Bilhete Museu + 2 provas de vinho<\/p>\t\t\t\t\t\t\t\t<\/div>\n\t\t<div class=\"elementor-element elementor-element-12dbf30 e-con-full e-flex e-con e-child\" data-id=\"12dbf30\" data-element_type=\"container\">\n\t\t\t\t<div class=\"elementor-element elementor-element-b524ea3 elementor-widget__width-initial elementor-widget elementor-widget-text-editor\" data-id=\"b524ea3\" data-element_type=\"widget\" data-widget_type=\"text-editor.default\">\n\t\t\t\t\t\t\t\t\t<p>Enoteca Experience<\/p>\t\t\t\t\t\t\t\t<\/div>\n\t\t\t\t<div class=\"elementor-element elementor-element-6221b58 elementor-widget__width-initial elementor-widget elementor-widget-text-editor\" data-id=\"6221b58\" data-element_type=\"widget\" data-widget_type=\"text-editor.default\">\n\t\t\t\t\t\t\t\t\t<p>22.00\u20ac<\/p>\t\t\t\t\t\t\t\t<\/div>\n\t\t\t\t<\/div>\n\t\t\t\t<div class=\"elementor-element elementor-element-7c4dcd5 elementor-widget__width-initial elementor-widget elementor-widget-text-editor\" data-id=\"7c4dcd5\" data-element_type=\"widget\" data-widget_type=\"text-editor.default\">\n\t\t\t\t\t\t\t\t\t<p>Bilhete Museu + 4 provas de vinho<\/p><p>Necess\u00e1rio confirma\u00e7\u00e3o pr\u00e9via para bilhete de grupo<\/p>\t\t\t\t\t\t\t\t<\/div>\n\t\t\t\t<\/div>\n\t\t<div class=\"elementor-element elementor-element-1a4395b e-con-full e-flex e-con e-child\" data-id=\"1a4395b\" data-element_type=\"container\">\n\t\t\t\t<div class=\"elementor-element elementor-element-58e365f elementor-widget elementor-widget-image\" data-id=\"58e365f\" data-element_type=\"widget\" data-widget_type=\"image.default\">\n\t\t\t\t\t\t\t\t\t\t\t\t\t\t\t<img decoding=\"async\" width=\"300\" height=\"300\" src=\"https:\/\/rcv.wp.targx.io\/wp-content\/uploads\/2025\/10\/bilh3-300x300.png\" class=\"attachment-medium size-medium wp-image-724\" alt=\"\" srcset=\"https:\/\/rcv.wp.targx.io\/wp-content\/uploads\/2025\/10\/bilh3-300x300.png 300w, https:\/\/rcv.wp.targx.io\/wp-content\/uploads\/2025\/10\/bilh3-150x150.png 150w, https:\/\/rcv.wp.targx.io\/wp-content\/uploads\/2025\/10\/bilh3-12x12.png 12w, https:\/\/rcv.wp.targx.io\/wp-content\/uploads\/2025\/10\/bilh3-100x100.png 100w, https:\/\/rcv.wp.targx.io\/wp-content\/uploads\/2025\/10\/bilh3.png 325w\" sizes=\"(max-width: 300px) 100vw, 300px\" \/>\t\t\t\t\t\t\t\t\t\t\t\t\t\t\t<\/div>\n\t\t\t\t<div class=\"elementor-element elementor-element-bd16e5f elementor-widget elementor-widget-heading\" data-id=\"bd16e5f\" data-element_type=\"widget\" data-widget_type=\"heading.default\">\n\t\t\t\t\t<h2 class=\"elementor-heading-title elementor-size-default\">Provas<\/h2>\t\t\t\t<\/div>\n\t\t<div class=\"elementor-element elementor-element-4ebf795 e-con-full e-flex e-con e-child\" data-id=\"4ebf795\" data-element_type=\"container\">\n\t\t\t\t<div class=\"elementor-element elementor-element-b951ee9 elementor-widget__width-initial elementor-widget elementor-widget-text-editor\" data-id=\"b951ee9\" data-element_type=\"widget\" data-widget_type=\"text-editor.default\">\n\t\t\t\t\t\t\t\t\t<p>Prova Cl\u00e1ssica<\/p><p>Prova Premium<\/p><p>Prova Fundadores<\/p>\t\t\t\t\t\t\t\t<\/div>\n\t\t\t\t<div class=\"elementor-element elementor-element-62a7972 elementor-widget__width-initial elementor-widget elementor-widget-text-editor\" data-id=\"62a7972\" data-element_type=\"widget\" data-widget_type=\"text-editor.default\">\n\t\t\t\t\t\t\t\t\t<p>10.00\u20ac<\/p><p>20.00\u20ac<\/p><p>25.00\u20ac<\/p>\t\t\t\t\t\t\t\t<\/div>\n\t\t\t\t<\/div>\n\t\t\t\t<\/div>\n\t\t\t\t<\/div>\n\t\t\t\t\t<\/div>\n\t\t\t\t<\/div>\n\t\t<div class=\"elementor-element elementor-element-9ce51e7 e-flex e-con-boxed e-con e-parent\" data-id=\"9ce51e7\" data-element_type=\"container\">\n\t\t\t\t\t<div class=\"e-con-inner\">\n\t\t\t\t<div class=\"elementor-element elementor-element-4ba7460 elementor-widget elementor-widget-ameliaeventscalendarbooking\" data-id=\"4ba7460\" data-element_type=\"widget\" data-widget_type=\"ameliaeventscalendarbooking.default\">\n\t\t\t\t<div class=\"elementor-widget-container\">\n\t\t\t\t\t<script>\n  if (typeof hasAmeliaEvent === 'undefined') {\n    var hasAmeliaEvent = true;\n  }\n  if (typeof hasEventApiCall === 'undefined' && ('' === '' && '' !== '1')) {\n    var hasEventApiCall = true;\n  }\n  var hasEventShortcode = (typeof hasEventShortcode === 'undefined') ? false : true;\n  var ameliaShortcodeData = (typeof ameliaShortcodeData === 'undefined') ? [] : ameliaShortcodeData;\n  ameliaShortcodeData.push(\n    {\n      'hasApiCall': (typeof hasEventApiCall !== 'undefined') && hasEventApiCall,\n      'trigger': '',\n      'trigger_type': '',\n      'triggered_form': 'ecf',\n      'in_dialog': '',\n      'counter': '1000',\n      'employee': '',\n      'eventId': '',\n      'eventRecurring': 0,\n      'eventTag': \"\",\n      'locationId': \"\"\n    }\n  );\n  var ameliaShortcodeDataTriggered = (typeof ameliaShortcodeDataTriggered === 'undefined') ? [] : ameliaShortcodeDataTriggered;\n  if (ameliaShortcodeData[ameliaShortcodeData.length - 1].trigger !== '') {\n    if (ameliaShortcodeDataTriggered.filter(a => a.counter === ameliaShortcodeData[ameliaShortcodeData.length - 1].counter).length === 0) {\n      ameliaShortcodeDataTriggered.push(ameliaShortcodeData.pop());\n    } else {\n      ameliaShortcodeData.pop()\n    }\n  }\n  if (typeof hasEventApiCall !== 'undefined' && hasEventApiCall) {\n    hasEventApiCall = false;\n  }\n<\/script>\n\n<div\n  id=\"amelia-v2-booking-1000\"\n  class=\"amelia-v2-booking\"\n>\n    <events-calendar-form-wrapper><\/div>\n\t\t\t\t<\/div>\n\t\t\t\t<\/div>\n\t\t\t\t\t<\/div>\n\t\t\t\t<\/div>\n\t\t\t\t<\/div>","protected":false},"excerpt":{"rendered":"<p>Bilheteira Exposi\u00e7\u00e3o Entrada Simples Entrada Infantil 5.00\u20ac 2.50\u20ac Entre os 6 e os 12 anos de idade Exposi\u00e7\u00e3o eProva Porto Experience 12.00\u20ac Bilhete Museu + 2 provas de vinho Enoteca Experience 22.00\u20ac Bilhete Museu + 4 provas de vinho Necess\u00e1rio confirma\u00e7\u00e3o pr\u00e9via para bilhete de grupo Provas Prova Cl\u00e1ssica Prova Premium Prova Fundadores 10.00\u20ac 20.00\u20ac [&hellip;]<\/p>","protected":false},"author":1,"featured_media":0,"parent":0,"menu_order":0,"comment_status":"closed","ping_status":"closed","template":"","meta":{"_acf_changed":false,"footnotes":""},"class_list":["post-331","page","type-page","status-publish","hentry"],"acf":[],"_links":{"self":[{"href":"https:\/\/rcv.wp.targx.io\/en\/wp-json\/wp\/v2\/pages\/331","targetHints":{"allow":["GET"]}}],"collection":[{"href":"https:\/\/rcv.wp.targx.io\/en\/wp-json\/wp\/v2\/pages"}],"about":[{"href":"https:\/\/rcv.wp.targx.io\/en\/wp-json\/wp\/v2\/types\/page"}],"author":[{"embeddable":true,"href":"https:\/\/rcv.wp.targx.io\/en\/wp-json\/wp\/v2\/users\/1"}],"replies":[{"embeddable":true,"href":"https:\/\/rcv.wp.targx.io\/en\/wp-json\/wp\/v2\/comments?post=331"}],"version-history":[{"count":40,"href":"https:\/\/rcv.wp.targx.io\/en\/wp-json\/wp\/v2\/pages\/331\/revisions"}],"predecessor-version":[{"id":776,"href":"https:\/\/rcv.wp.targx.io\/en\/wp-json\/wp\/v2\/pages\/331\/revisions\/776"}],"wp:attachment":[{"href":"https:\/\/rcv.wp.targx.io\/en\/wp-json\/wp\/v2\/media?parent=331"}],"curies":[{"name":"wp","href":"https:\/\/api.w.org\/{rel}","templated":true}]}}