{"id":312,"date":"2025-09-16T14:19:39","date_gmt":"2025-09-16T14:19:39","guid":{"rendered":"https:\/\/rcv.wp.targx.io\/?page_id=312"},"modified":"2025-10-09T10:54:58","modified_gmt":"2025-10-09T10:54:58","slug":"contactos","status":"publish","type":"page","link":"https:\/\/rcv.wp.targx.io\/en\/contactos\/","title":{"rendered":"Contactos"},"content":{"rendered":"<div data-elementor-type=\"wp-page\" data-elementor-id=\"312\" class=\"elementor elementor-312\" data-elementor-post-type=\"page\">\n\t\t\t\t<div class=\"elementor-element elementor-element-691ee54 e-con-full e-flex e-con e-parent\" data-id=\"691ee54\" data-element_type=\"container\" data-settings=\"{&quot;background_background&quot;:&quot;classic&quot;}\">\n\t\t\t\t<div class=\"elementor-element elementor-element-47ff70d elementor-widget__width-inherit elementor-widget elementor-widget-image\" data-id=\"47ff70d\" data-element_type=\"widget\" data-widget_type=\"image.default\">\n\t\t\t\t\t\t\t\t\t\t\t\t\t\t\t<img fetchpriority=\"high\" decoding=\"async\" width=\"1439\" height=\"792\" src=\"https:\/\/rcv.wp.targx.io\/wp-content\/uploads\/2025\/09\/Contactos-Banner.png\" class=\"attachment-2048x2048 size-2048x2048 wp-image-314\" alt=\"\" srcset=\"https:\/\/rcv.wp.targx.io\/wp-content\/uploads\/2025\/09\/Contactos-Banner.png 1439w, https:\/\/rcv.wp.targx.io\/wp-content\/uploads\/2025\/09\/Contactos-Banner-300x165.png 300w, https:\/\/rcv.wp.targx.io\/wp-content\/uploads\/2025\/09\/Contactos-Banner-1024x564.png 1024w, https:\/\/rcv.wp.targx.io\/wp-content\/uploads\/2025\/09\/Contactos-Banner-768x423.png 768w, https:\/\/rcv.wp.targx.io\/wp-content\/uploads\/2025\/09\/Contactos-Banner-18x10.png 18w\" sizes=\"(max-width: 1439px) 100vw, 1439px\" \/>\t\t\t\t\t\t\t\t\t\t\t\t\t\t\t<\/div>\n\t\t\t\t<div class=\"elementor-element elementor-element-4a1701d elementor-widget elementor-widget-heading\" data-id=\"4a1701d\" data-element_type=\"widget\" data-widget_type=\"heading.default\">\n\t\t\t\t\t<h2 class=\"elementor-heading-title elementor-size-default\">Contactos<\/h2>\t\t\t\t<\/div>\n\t\t\t\t<\/div>\n\t\t<div class=\"elementor-element elementor-element-fe535f9 e-con-full e-flex e-con e-parent\" data-id=\"fe535f9\" data-element_type=\"container\">\n\t\t<div class=\"elementor-element elementor-element-f2867af e-con-full e-flex e-con e-child\" data-id=\"f2867af\" data-element_type=\"container\" data-settings=\"{&quot;background_background&quot;:&quot;classic&quot;}\">\n\t\t\t\t<div class=\"elementor-element elementor-element-d06b8a4 elementor-widget elementor-widget-google_maps\" data-id=\"d06b8a4\" data-element_type=\"widget\" data-widget_type=\"google_maps.default\">\n\t\t\t\t\t\t\t<div class=\"elementor-custom-embed\">\n\t\t\t<iframe loading=\"lazy\"\n\t\t\t\t\tsrc=\"https:\/\/maps.google.com\/maps?q=museu%20primeira%20demarca%C3%A7%C3%A3o&#038;t=m&#038;z=19&#038;output=embed&#038;iwloc=near\"\n\t\t\t\t\ttitle=\"museu primeira demarca\u00e7\u00e3o\"\n\t\t\t\t\taria-label=\"museu primeira demarca\u00e7\u00e3o\"\n\t\t\t><\/iframe>\n\t\t<\/div>\n\t\t\t\t\t\t<\/div>\n\t\t\t\t<\/div>\n\t\t<div class=\"elementor-element elementor-element-bcaa936 e-con-full e-flex e-con e-child\" data-id=\"bcaa936\" data-element_type=\"container\">\n\t\t\t\t<div class=\"elementor-element elementor-element-3e5d7ef elementor-widget elementor-widget-heading\" data-id=\"3e5d7ef\" data-element_type=\"widget\" data-widget_type=\"heading.default\">\n\t\t\t\t\t<h2 class=\"elementor-heading-title elementor-size-default\">Como chegar<\/h2>\t\t\t\t<\/div>\n\t\t<div class=\"elementor-element elementor-element-22e31b4 e-flex e-con-boxed e-con e-child\" data-id=\"22e31b4\" data-element_type=\"container\">\n\t\t\t\t\t<div class=\"e-con-inner\">\n\t\t\t\t<div class=\"elementor-element elementor-element-8d4f052 elementor-widget__width-initial elementor-widget elementor-widget-text-editor\" data-id=\"8d4f052\" data-element_type=\"widget\" data-widget_type=\"text-editor.default\">\n\t\t\t\t\t\t\t\t\t<p>Morada<\/p>\t\t\t\t\t\t\t\t<\/div>\n\t\t\t\t<div class=\"elementor-element elementor-element-566455f elementor-widget__width-initial elementor-widget elementor-widget-text-editor\" data-id=\"566455f\" data-element_type=\"widget\" data-widget_type=\"text-editor.default\">\n\t\t\t\t\t\t\t\t\t<p>Alameda da Rua Serpa Pinto, 44b<br \/>Av. Ramos Pinto, n\u00ba 118<\/p>\t\t\t\t\t\t\t\t<\/div>\n\t\t\t\t\t<\/div>\n\t\t\t\t<\/div>\n\t\t<div class=\"elementor-element elementor-element-71c5915 e-con-full e-flex e-con e-child\" data-id=\"71c5915\" data-element_type=\"container\">\n\t\t\t\t<div class=\"elementor-element elementor-element-ed238f9 elementor-widget__width-initial elementor-widget elementor-widget-text-editor\" data-id=\"ed238f9\" data-element_type=\"widget\" data-widget_type=\"text-editor.default\">\n\t\t\t\t\t\t\t\t\t<p>Parque<\/p>\t\t\t\t\t\t\t\t<\/div>\n\t\t\t\t<div class=\"elementor-element elementor-element-4bfef7a elementor-widget__width-initial elementor-widget elementor-widget-text-editor\" data-id=\"4bfef7a\" data-element_type=\"widget\" data-widget_type=\"text-editor.default\">\n\t\t\t\t\t\t\t\t\t<p>Parque de estacionamento SABA<br \/>Beira Rio Rua Serpa Pinto, 44<br \/>Parque de estacionamento Cais de Gaia<br \/>Av. Serpa Pinto, 710<\/p>\t\t\t\t\t\t\t\t<\/div>\n\t\t\t\t<\/div>\n\t\t<div class=\"elementor-element elementor-element-78c05bb e-con-full e-flex e-con e-child\" data-id=\"78c05bb\" data-element_type=\"container\">\n\t\t\t\t<div class=\"elementor-element elementor-element-c3950de elementor-widget__width-initial elementor-widget elementor-widget-text-editor\" data-id=\"c3950de\" data-element_type=\"widget\" data-widget_type=\"text-editor.default\">\n\t\t\t\t\t\t\t\t\t<p>STCP<\/p>\t\t\t\t\t\t\t\t<\/div>\n\t\t\t\t<div class=\"elementor-element elementor-element-23c9533 elementor-widget__width-initial elementor-widget elementor-widget-text-editor\" data-id=\"23c9533\" data-element_type=\"widget\" data-widget_type=\"text-editor.default\">\n\t\t\t\t\t\t\t\t\t<p>Paragem Largo Aljubarrota\u2028901\u00a0(sentido Trindade) |\u00a0906\u00a0(sentido Trindade)<\/p>\t\t\t\t\t\t\t\t<\/div>\n\t\t\t\t<\/div>\n\t\t<div class=\"elementor-element elementor-element-3b56d9b e-con-full e-flex e-con e-child\" data-id=\"3b56d9b\" data-element_type=\"container\">\n\t\t\t\t<div class=\"elementor-element elementor-element-fcc703c elementor-widget__width-initial elementor-widget elementor-widget-text-editor\" data-id=\"fcc703c\" data-element_type=\"widget\" data-widget_type=\"text-editor.default\">\n\t\t\t\t\t\t\t\t\t<p>Telef\u00e9rico<\/p>\t\t\t\t\t\t\t\t<\/div>\n\t\t\t\t<div class=\"elementor-element elementor-element-318889e elementor-widget__width-initial elementor-widget elementor-widget-text-editor\" data-id=\"318889e\" data-element_type=\"widget\" data-widget_type=\"text-editor.default\">\n\t\t\t\t\t\t\t\t\t<p>Telef\u00e9rico de Gaia<br \/>Esta\u00e7\u00e3o Baixa<\/p>\t\t\t\t\t\t\t\t<\/div>\n\t\t\t\t<\/div>\n\t\t\t\t<\/div>\n\t\t\t\t<\/div>\n\t\t<div class=\"elementor-element elementor-element-f925651 e-flex e-con-boxed e-con e-parent\" data-id=\"f925651\" data-element_type=\"container\">\n\t\t\t\t\t<div class=\"e-con-inner\">\n\t\t<div class=\"elementor-element elementor-element-bc79d52 e-con-full e-flex e-con e-child\" data-id=\"bc79d52\" data-element_type=\"container\">\n\t\t\t\t<div class=\"elementor-element elementor-element-abb0cfd elementor-view-default elementor-widget elementor-widget-icon\" data-id=\"abb0cfd\" data-element_type=\"widget\" data-widget_type=\"icon.default\">\n\t\t\t\t\t\t\t<div class=\"elementor-icon-wrapper\">\n\t\t\t<div class=\"elementor-icon\">\n\t\t\t<svg xmlns=\"http:\/\/www.w3.org\/2000\/svg\" width=\"76\" height=\"76\" viewbox=\"0 0 76 76\" fill=\"none\"><path d=\"M20.4882 12.8249L15.8332 17.5433C14.577 18.786 13.5798 20.2655 12.8992 21.8962C12.2186 23.5268 11.8682 25.2763 11.8682 27.0433C11.8682 28.8103 12.2186 30.5597 12.8992 32.1904C13.5798 33.8211 14.577 35.3006 15.8332 36.5433L39.4882 60.1666C40.7309 61.4228 42.2104 62.42 43.8411 63.1006C45.4717 63.7812 47.2212 64.1316 48.9882 64.1316C50.7552 64.1316 52.5046 63.7812 54.1353 63.1006C55.766 62.42 57.2454 61.4228 58.4882 60.1666L63.3332 55.5116C63.6639 55.2007 63.9274 54.8254 64.1076 54.4087C64.2877 53.9921 64.3806 53.543 64.3806 53.0891C64.3806 52.6352 64.2877 52.1861 64.1076 51.7695C63.9274 51.3529 63.6639 50.9775 63.3332 50.6666L56.2398 43.5416C55.6062 42.9189 54.7533 42.5699 53.8648 42.5699C52.9764 42.5699 52.1235 42.9189 51.4898 43.5416L49.1148 45.9166C48.4812 46.5393 47.6283 46.8883 46.7398 46.8883C45.8514 46.8883 44.9985 46.5393 44.3648 45.9166L29.9882 31.6666C29.3654 31.0329 29.0165 30.1801 29.0165 29.2916C29.0165 28.4032 29.3654 27.5503 29.9882 26.9166L32.3632 24.5416C32.9859 23.9079 33.3349 23.055 33.3349 22.1666C33.3349 21.2782 32.9859 20.4253 32.3632 19.7916L25.3332 12.8249C25.0223 12.4942 24.6469 12.2307 24.2303 12.0505C23.8137 11.8704 23.3646 11.7775 22.9107 11.7775C22.4568 11.7775 22.0077 11.8704 21.591 12.0505C21.1744 12.2307 20.7991 12.4942 20.4882 12.8249Z\" stroke=\"#000D26\" stroke-width=\"1.5\" stroke-linecap=\"round\" stroke-linejoin=\"round\"><\/path><\/svg>\t\t\t<\/div>\n\t\t<\/div>\n\t\t\t\t\t\t<\/div>\n\t\t\t\t<div class=\"elementor-element elementor-element-e69d431 elementor-widget elementor-widget-text-editor\" data-id=\"e69d431\" data-element_type=\"widget\" data-widget_type=\"text-editor.default\">\n\t\t\t\t\t\t\t\t\t<p>(+351) 222 448 501<\/p><h6>Custo de uma chamada para a rede m\u00f3vel nacional ao custo em vigor praticado pela sua operadora<\/h6>\t\t\t\t\t\t\t\t<\/div>\n\t\t\t\t<\/div>\n\t\t<div class=\"elementor-element elementor-element-fb5ec17 e-con-full e-flex e-con e-child\" data-id=\"fb5ec17\" data-element_type=\"container\">\n\t\t\t\t<div class=\"elementor-element elementor-element-c645d47 elementor-view-default elementor-widget elementor-widget-icon\" data-id=\"c645d47\" data-element_type=\"widget\" data-widget_type=\"icon.default\">\n\t\t\t\t\t\t\t<div class=\"elementor-icon-wrapper\">\n\t\t\t<div class=\"elementor-icon\">\n\t\t\t<svg xmlns=\"http:\/\/www.w3.org\/2000\/svg\" width=\"76\" height=\"76\" viewbox=\"0 0 76 76\" fill=\"none\"><path d=\"M58.9002 12.6666H17.1002C11.1539 12.6666 6.3335 17.487 6.3335 23.4333V52.5666C6.3335 58.5129 11.1539 63.3333 17.1002 63.3333H58.9002C64.8464 63.3333 69.6668 58.5129 69.6668 52.5666V23.4333C69.6668 17.487 64.8464 12.6666 58.9002 12.6666Z\" stroke=\"#000D26\" stroke-width=\"1.5\" stroke-linecap=\"round\" stroke-linejoin=\"round\"><\/path><path d=\"M19 28.5L34.3267 38.5383C35.3993 39.302 36.6833 39.7124 38 39.7124C39.3167 39.7124 40.6007 39.302 41.6733 38.5383L57 28.5\" stroke=\"#000D26\" stroke-width=\"1.5\" stroke-linecap=\"round\" stroke-linejoin=\"round\"><\/path><\/svg>\t\t\t<\/div>\n\t\t<\/div>\n\t\t\t\t\t\t<\/div>\n\t\t\t\t<div class=\"elementor-element elementor-element-d2b7965 elementor-widget elementor-widget-text-editor\" data-id=\"d2b7965\" data-element_type=\"widget\" data-widget_type=\"text-editor.default\">\n\t\t\t\t\t\t\t\t\t<p>geral@museurealcompanhiavelha.pt<\/p>\t\t\t\t\t\t\t\t<\/div>\n\t\t\t\t<\/div>\n\t\t\t\t\t<\/div>\n\t\t\t\t<\/div>\n\t\t<div class=\"elementor-element elementor-element-6be6a9b e-con-full e-flex e-con e-parent\" data-id=\"6be6a9b\" data-element_type=\"container\" data-settings=\"{&quot;background_background&quot;:&quot;classic&quot;}\">\n\t\t\t\t<div class=\"elementor-element elementor-element-67732f6 elementor-widget elementor-widget-heading\" data-id=\"67732f6\" data-element_type=\"widget\" data-widget_type=\"heading.default\">\n\t\t\t\t\t<h2 class=\"elementor-heading-title elementor-size-default\">Agende a sua visita<\/h2>\t\t\t\t<\/div>\n\t\t<div class=\"elementor-element elementor-element-07bdb74 e-flex e-con-boxed e-con e-child\" data-id=\"07bdb74\" data-element_type=\"container\" data-settings=\"{&quot;background_background&quot;:&quot;classic&quot;}\">\n\t\t\t\t\t<div class=\"e-con-inner\">\n\t\t\t\t<div class=\"elementor-element elementor-element-1553627 elementor-button-align-center elementor-widget elementor-widget-form\" data-id=\"1553627\" data-element_type=\"widget\" data-settings=\"{&quot;step_next_label&quot;:&quot;Next&quot;,&quot;step_previous_label&quot;:&quot;Previous&quot;,&quot;step_type&quot;:&quot;number_text&quot;,&quot;step_icon_shape&quot;:&quot;circle&quot;}\" data-widget_type=\"form.default\">\n\t\t\t\t\t\t\t<form class=\"elementor-form\" method=\"post\" name=\"New Form\" aria-label=\"New Form\" action=\"\">\n\t\t\t<input type=\"hidden\" name=\"post_id\" value=\"312\"\/>\n\t\t\t<input type=\"hidden\" name=\"form_id\" value=\"1553627\"\/>\n\t\t\t<input type=\"hidden\" name=\"referer_title\" value=\"Contactos\" \/>\n\n\t\t\t\t\t\t\t<input type=\"hidden\" name=\"queried_id\" value=\"312\"\/>\n\t\t\t\n\t\t\t<div class=\"elementor-form-fields-wrapper elementor-labels-\">\n\t\t\t\t\t\t\t\t<div class=\"elementor-field-type-text elementor-field-group elementor-column elementor-field-group-name elementor-col-100 elementor-field-required\">\n\t\t\t\t\t\t\t\t\t\t\t\t<label for=\"form-field-name\" class=\"elementor-field-label elementor-screen-only\">\n\t\t\t\t\t\t\t\tNome\t\t\t\t\t\t\t<\/label>\n\t\t\t\t\t\t\t\t\t\t\t\t\t\t<input size=\"1\" type=\"text\" name=\"form_fields[name]\" id=\"form-field-name\" class=\"elementor-field elementor-size-sm  elementor-field-textual\" placeholder=\"Nome\" required=\"required\">\n\t\t\t\t\t\t\t\t\t\t\t<\/div>\n\t\t\t\t\t\t\t\t<div class=\"elementor-field-type-email elementor-field-group elementor-column elementor-field-group-email elementor-col-100 elementor-field-required\">\n\t\t\t\t\t\t\t\t\t\t\t\t<label for=\"form-field-email\" class=\"elementor-field-label elementor-screen-only\">\n\t\t\t\t\t\t\t\tEmail\t\t\t\t\t\t\t<\/label>\n\t\t\t\t\t\t\t\t\t\t\t\t\t\t<input size=\"1\" type=\"email\" name=\"form_fields[email]\" id=\"form-field-email\" class=\"elementor-field elementor-size-sm  elementor-field-textual\" placeholder=\"Email\" required=\"required\">\n\t\t\t\t\t\t\t\t\t\t\t<\/div>\n\t\t\t\t\t\t\t\t<div class=\"elementor-field-type-text elementor-field-group elementor-column elementor-field-group-field_b68626f elementor-col-100 elementor-field-required\">\n\t\t\t\t\t\t\t\t\t\t\t\t<label for=\"form-field-field_b68626f\" class=\"elementor-field-label elementor-screen-only\">\n\t\t\t\t\t\t\t\tContato Telef\u00f3nico\t\t\t\t\t\t\t<\/label>\n\t\t\t\t\t\t\t\t\t\t\t\t\t\t<input size=\"1\" type=\"text\" name=\"form_fields[field_b68626f]\" id=\"form-field-field_b68626f\" class=\"elementor-field elementor-size-sm  elementor-field-textual\" placeholder=\"Contato telef\u00f3nico\" required=\"required\">\n\t\t\t\t\t\t\t\t\t\t\t<\/div>\n\t\t\t\t\t\t\t\t<div class=\"elementor-field-type-textarea elementor-field-group elementor-column elementor-field-group-message elementor-col-100 elementor-field-required\">\n\t\t\t\t\t\t\t\t\t\t\t\t<label for=\"form-field-message\" class=\"elementor-field-label elementor-screen-only\">\n\t\t\t\t\t\t\t\tMessage\t\t\t\t\t\t\t<\/label>\n\t\t\t\t\t\t<textarea class=\"elementor-field-textual elementor-field  elementor-size-sm\" name=\"form_fields[message]\" id=\"form-field-message\" rows=\"4\" placeholder=\"A sua mensagem\" required=\"required\"><\/textarea>\t\t\t\t<\/div>\n\t\t\t\t\t\t\t\t<div class=\"elementor-field-type-acceptance elementor-field-group elementor-column elementor-field-group-field_e53c17d elementor-col-100\">\n\t\t\t\t\t\t\t<div class=\"elementor-field-subgroup\">\n\t\t\t<span class=\"elementor-field-option\">\n\t\t\t\t<input type=\"checkbox\" name=\"form_fields[field_e53c17d]\" id=\"form-field-field_e53c17d\" class=\"elementor-field elementor-size-sm  elementor-acceptance-field\">\n\t\t\t\t<label for=\"form-field-field_e53c17d\">Consinto que a Real Companhia Velha processe as informa\u00e7\u00f5es enviadas para responder ao meu pedido<\/label>\t\t\t<\/span>\n\t\t<\/div>\n\t\t\t\t\t\t<\/div>\n\t\t\t\t\t\t\t\t<div class=\"elementor-field-group elementor-column elementor-field-type-submit elementor-col-100 e-form__buttons\">\n\t\t\t\t\t<button class=\"elementor-button elementor-size-sm\" type=\"submit\">\n\t\t\t\t\t\t<span class=\"elementor-button-content-wrapper\">\n\t\t\t\t\t\t\t\t\t\t\t\t\t\t\t\t\t\t\t\t\t\t<span class=\"elementor-button-text\">Submeter<\/span>\n\t\t\t\t\t\t\t\t\t\t\t\t\t<\/span>\n\t\t\t\t\t<\/button>\n\t\t\t\t<\/div>\n\t\t\t<\/div>\n\t\t<input type=\"hidden\" name=\"trp-form-language\" value=\"en\"\/><\/form>\n\t\t\t\t\t\t<\/div>\n\t\t\t\t\t<\/div>\n\t\t\t\t<\/div>\n\t\t\t\t<\/div>\n\t\t\t\t<\/div>","protected":false},"excerpt":{"rendered":"<p>Contactos Como chegar Morada Alameda da Rua Serpa Pinto, 44bAv. Ramos Pinto, n\u00ba 118 Parque Parque de estacionamento SABABeira Rio Rua Serpa Pinto, 44Parque de estacionamento Cais de GaiaAv. Serpa Pinto, 710 STCP Paragem Largo Aljubarrota\u2028901\u00a0(sentido Trindade) |\u00a0906\u00a0(sentido Trindade) Telef\u00e9rico Telef\u00e9rico de GaiaEsta\u00e7\u00e3o Baixa (+351) 222 448 501 Custo de uma chamada para a rede [&hellip;]<\/p>","protected":false},"author":1,"featured_media":0,"parent":0,"menu_order":0,"comment_status":"closed","ping_status":"closed","template":"","meta":{"_acf_changed":false,"footnotes":""},"class_list":["post-312","page","type-page","status-publish","hentry"],"acf":[],"_links":{"self":[{"href":"https:\/\/rcv.wp.targx.io\/en\/wp-json\/wp\/v2\/pages\/312","targetHints":{"allow":["GET"]}}],"collection":[{"href":"https:\/\/rcv.wp.targx.io\/en\/wp-json\/wp\/v2\/pages"}],"about":[{"href":"https:\/\/rcv.wp.targx.io\/en\/wp-json\/wp\/v2\/types\/page"}],"author":[{"embeddable":true,"href":"https:\/\/rcv.wp.targx.io\/en\/wp-json\/wp\/v2\/users\/1"}],"replies":[{"embeddable":true,"href":"https:\/\/rcv.wp.targx.io\/en\/wp-json\/wp\/v2\/comments?post=312"}],"version-history":[{"count":34,"href":"https:\/\/rcv.wp.targx.io\/en\/wp-json\/wp\/v2\/pages\/312\/revisions"}],"predecessor-version":[{"id":762,"href":"https:\/\/rcv.wp.targx.io\/en\/wp-json\/wp\/v2\/pages\/312\/revisions\/762"}],"wp:attachment":[{"href":"https:\/\/rcv.wp.targx.io\/en\/wp-json\/wp\/v2\/media?parent=312"}],"curies":[{"name":"wp","href":"https:\/\/api.w.org\/{rel}","templated":true}]}}