{"id":275,"date":"2025-09-16T12:21:32","date_gmt":"2025-09-16T12:21:32","guid":{"rendered":"https:\/\/rcv.wp.targx.io\/?page_id=275"},"modified":"2025-10-09T10:48:17","modified_gmt":"2025-10-09T10:48:17","slug":"bilhetes","status":"publish","type":"page","link":"https:\/\/rcv.wp.targx.io\/en\/bilhetes\/","title":{"rendered":"Bilhetes"},"content":{"rendered":"<div data-elementor-type=\"wp-page\" data-elementor-id=\"275\" class=\"elementor elementor-275\" data-elementor-post-type=\"page\">\n\t\t\t\t<div class=\"elementor-element elementor-element-691ee54 e-con-full e-flex e-con e-parent\" data-id=\"691ee54\" data-element_type=\"container\" data-settings=\"{&quot;background_background&quot;:&quot;classic&quot;}\">\n\t\t\t\t<div class=\"elementor-element elementor-element-83d8cd2 elementor-widget__width-inherit elementor-widget elementor-widget-image\" data-id=\"83d8cd2\" data-element_type=\"widget\" data-widget_type=\"image.default\">\n\t\t\t\t\t\t\t\t\t\t\t\t\t\t\t<img fetchpriority=\"high\" decoding=\"async\" width=\"1439\" height=\"792\" src=\"https:\/\/rcv.wp.targx.io\/wp-content\/uploads\/2025\/09\/Bilhetes-Banner.png\" class=\"attachment-2048x2048 size-2048x2048 wp-image-283\" alt=\"\" srcset=\"https:\/\/rcv.wp.targx.io\/wp-content\/uploads\/2025\/09\/Bilhetes-Banner.png 1439w, https:\/\/rcv.wp.targx.io\/wp-content\/uploads\/2025\/09\/Bilhetes-Banner-300x165.png 300w, https:\/\/rcv.wp.targx.io\/wp-content\/uploads\/2025\/09\/Bilhetes-Banner-1024x564.png 1024w, https:\/\/rcv.wp.targx.io\/wp-content\/uploads\/2025\/09\/Bilhetes-Banner-768x423.png 768w, https:\/\/rcv.wp.targx.io\/wp-content\/uploads\/2025\/09\/Bilhetes-Banner-18x10.png 18w\" sizes=\"(max-width: 1439px) 100vw, 1439px\" \/>\t\t\t\t\t\t\t\t\t\t\t\t\t\t\t<\/div>\n\t\t\t\t<div class=\"elementor-element elementor-element-a4a6b6a elementor-widget elementor-widget-heading\" data-id=\"a4a6b6a\" data-element_type=\"widget\" data-widget_type=\"heading.default\">\n\t\t\t\t\t<h2 class=\"elementor-heading-title elementor-size-default\">Compra de Bilhetes<\/h2>\t\t\t\t<\/div>\n\t\t\t\t<\/div>\n\t\t<div class=\"elementor-element elementor-element-c903758 e-flex e-con-boxed e-con e-parent\" data-id=\"c903758\" data-element_type=\"container\">\n\t\t\t\t\t<div class=\"e-con-inner\">\n\t\t<div class=\"elementor-element elementor-element-80285f3 e-con-full e-flex e-con e-child\" data-id=\"80285f3\" data-element_type=\"container\">\n\t\t\t\t<div class=\"elementor-element elementor-element-1afdd54 elementor-widget__width-initial elementor-widget elementor-widget-image\" data-id=\"1afdd54\" data-element_type=\"widget\" data-widget_type=\"image.default\">\n\t\t\t\t\t\t\t\t\t\t\t\t\t\t\t<img decoding=\"async\" width=\"300\" height=\"300\" src=\"https:\/\/rcv.wp.targx.io\/wp-content\/uploads\/2025\/10\/bilh1-300x300.png\" class=\"attachment-medium size-medium wp-image-728\" alt=\"\" srcset=\"https:\/\/rcv.wp.targx.io\/wp-content\/uploads\/2025\/10\/bilh1-300x300.png 300w, https:\/\/rcv.wp.targx.io\/wp-content\/uploads\/2025\/10\/bilh1-150x150.png 150w, https:\/\/rcv.wp.targx.io\/wp-content\/uploads\/2025\/10\/bilh1-12x12.png 12w, https:\/\/rcv.wp.targx.io\/wp-content\/uploads\/2025\/10\/bilh1-100x100.png 100w, https:\/\/rcv.wp.targx.io\/wp-content\/uploads\/2025\/10\/bilh1.png 325w\" sizes=\"(max-width: 300px) 100vw, 300px\" \/>\t\t\t\t\t\t\t\t\t\t\t\t\t\t\t<\/div>\n\t\t<div class=\"elementor-element elementor-element-ae08abe e-con-full e-flex e-con e-child\" data-id=\"ae08abe\" data-element_type=\"container\">\n\t\t\t\t<div class=\"elementor-element elementor-element-4685b7a elementor-widget elementor-widget-heading\" data-id=\"4685b7a\" data-element_type=\"widget\" data-widget_type=\"heading.default\">\n\t\t\t\t\t<h2 class=\"elementor-heading-title elementor-size-default\">Exposi\u00e7\u00e3o<\/h2>\t\t\t\t<\/div>\n\t\t<div class=\"elementor-element elementor-element-e23e0e2 e-con-full e-flex e-con e-child\" data-id=\"e23e0e2\" data-element_type=\"container\">\n\t\t<div class=\"elementor-element elementor-element-3c61d02 e-con-full e-flex e-con e-child\" data-id=\"3c61d02\" data-element_type=\"container\">\n\t\t\t\t<div class=\"elementor-element elementor-element-6345127 elementor-widget__width-initial elementor-widget elementor-widget-text-editor\" data-id=\"6345127\" data-element_type=\"widget\" data-widget_type=\"text-editor.default\">\n\t\t\t\t\t\t\t\t\t<p>Entrada Simples<\/p>\t\t\t\t\t\t\t\t<\/div>\n\t\t\t\t<div class=\"elementor-element elementor-element-b47c058 elementor-widget__width-initial elementor-widget elementor-widget-text-editor\" data-id=\"b47c058\" data-element_type=\"widget\" data-widget_type=\"text-editor.default\">\n\t\t\t\t\t\t\t\t\t<p>5.00\u20ac<\/p>\t\t\t\t\t\t\t\t<\/div>\n\t\t\t\t<\/div>\n\t\t<div class=\"elementor-element elementor-element-b4deeba e-con-full e-flex e-con e-child\" data-id=\"b4deeba\" data-element_type=\"container\">\n\t\t\t\t<div class=\"elementor-element elementor-element-86515ab elementor-widget__width-initial elementor-widget elementor-widget-text-editor\" data-id=\"86515ab\" data-element_type=\"widget\" data-widget_type=\"text-editor.default\">\n\t\t\t\t\t\t\t\t\t<p>Entrada Infantil<\/p>\n<h6>Entre os 6 e os 12 anos de idade<\/h6>\t\t\t\t\t\t\t\t<\/div>\n\t\t\t\t<div class=\"elementor-element elementor-element-93c8734 elementor-widget__width-initial elementor-widget elementor-widget-text-editor\" data-id=\"93c8734\" data-element_type=\"widget\" data-widget_type=\"text-editor.default\">\n\t\t\t\t\t\t\t\t\t<p>2.50\u20ac<\/p>\t\t\t\t\t\t\t\t<\/div>\n\t\t\t\t<\/div>\n\t\t<div class=\"elementor-element elementor-element-c2e8987 e-con-full e-flex e-con e-child\" data-id=\"c2e8987\" data-element_type=\"container\">\n\t\t\t\t<div class=\"elementor-element elementor-element-c9ce02c elementor-widget__width-initial elementor-widget elementor-widget-text-editor\" data-id=\"c9ce02c\" data-element_type=\"widget\" data-widget_type=\"text-editor.default\">\n\t\t\t\t\t\t\t\t\t<p>Entrada Gratuita<\/p>\n<h6>Membros do ICOM e APOM (Mediante identifica\u00e7\u00e3o)<br \/>2\u00ba S\u00e1bado de cada m\u00eas (cidad\u00e3os nacionais e\/ou residentes em territ\u00f3rio nacional \u2013 mediante identifica\u00e7\u00e3o)<\/h6>\t\t\t\t\t\t\t\t<\/div>\n\t\t\t\t<\/div>\n\t\t\t\t<\/div>\n\t\t\t\t<\/div>\n\t\t\t\t<\/div>\n\t\t<div class=\"elementor-element elementor-element-601b9e2 e-con-full e-flex e-con e-child\" data-id=\"601b9e2\" data-element_type=\"container\">\n\t\t\t\t<div class=\"elementor-element elementor-element-6d83e76 elementor-widget__width-initial elementor-widget elementor-widget-image\" data-id=\"6d83e76\" data-element_type=\"widget\" data-widget_type=\"image.default\">\n\t\t\t\t\t\t\t\t\t\t\t\t\t\t\t<img decoding=\"async\" width=\"300\" height=\"300\" src=\"https:\/\/rcv.wp.targx.io\/wp-content\/uploads\/2025\/10\/bilh2-300x300.png\" class=\"attachment-medium size-medium wp-image-723\" alt=\"\" srcset=\"https:\/\/rcv.wp.targx.io\/wp-content\/uploads\/2025\/10\/bilh2-300x300.png 300w, https:\/\/rcv.wp.targx.io\/wp-content\/uploads\/2025\/10\/bilh2-150x150.png 150w, https:\/\/rcv.wp.targx.io\/wp-content\/uploads\/2025\/10\/bilh2-12x12.png 12w, https:\/\/rcv.wp.targx.io\/wp-content\/uploads\/2025\/10\/bilh2-100x100.png 100w, https:\/\/rcv.wp.targx.io\/wp-content\/uploads\/2025\/10\/bilh2.png 325w\" sizes=\"(max-width: 300px) 100vw, 300px\" \/>\t\t\t\t\t\t\t\t\t\t\t\t\t\t\t<\/div>\n\t\t<div class=\"elementor-element elementor-element-ad1ff14 e-con-full e-flex e-con e-child\" data-id=\"ad1ff14\" data-element_type=\"container\">\n\t\t\t\t<div class=\"elementor-element elementor-element-3dee37f elementor-widget elementor-widget-heading\" data-id=\"3dee37f\" data-element_type=\"widget\" data-widget_type=\"heading.default\">\n\t\t\t\t\t<h2 class=\"elementor-heading-title elementor-size-default\">Exposi\u00e7\u00e3o e Prova<\/h2>\t\t\t\t<\/div>\n\t\t<div class=\"elementor-element elementor-element-b68db44 e-con-full e-flex e-con e-child\" data-id=\"b68db44\" data-element_type=\"container\">\n\t\t<div class=\"elementor-element elementor-element-0fa3c10 e-con-full e-flex e-con e-child\" data-id=\"0fa3c10\" data-element_type=\"container\">\n\t\t\t\t<div class=\"elementor-element elementor-element-a041983 elementor-widget__width-initial elementor-widget elementor-widget-text-editor\" data-id=\"a041983\" data-element_type=\"widget\" data-widget_type=\"text-editor.default\">\n\t\t\t\t\t\t\t\t\t<p>Porto Experience<\/p>\n<h6>Bilhete Museu + Prova Cl\u00e1ssica. Inclui duas provas de vinho do Porto: Real Companhia Velha L\u00e1grima e Reserva Tawny da Quinta das Carvalhas<\/h6>\t\t\t\t\t\t\t\t<\/div>\n\t\t\t\t<div class=\"elementor-element elementor-element-74a773b elementor-widget__width-initial elementor-widget elementor-widget-text-editor\" data-id=\"74a773b\" data-element_type=\"widget\" data-widget_type=\"text-editor.default\">\n\t\t\t\t\t\t\t\t\t<p>12.00\u20ac<\/p>\t\t\t\t\t\t\t\t<\/div>\n\t\t\t\t<\/div>\n\t\t<div class=\"elementor-element elementor-element-06ca99a e-con-full e-flex e-con e-child\" data-id=\"06ca99a\" data-element_type=\"container\">\n\t\t\t\t<div class=\"elementor-element elementor-element-46806c6 elementor-widget__width-initial elementor-widget elementor-widget-text-editor\" data-id=\"46806c6\" data-element_type=\"widget\" data-widget_type=\"text-editor.default\">\n\t\t\t\t\t\t\t\t\t<p>Enoteca Experience<\/p>\n<h6>Bilhete Museu + Prova Enoteca. Inclui 4 provas de vinho do Porto: Real Companhia Velha L\u00e1grima; Reserva Ruby da Quinta das Carvalhas, Reserva Tawny da Quinta das Carvalhas e Royal Oporto Tawny 10 anos<\/h6>\t\t\t\t\t\t\t\t<\/div>\n\t\t\t\t<div class=\"elementor-element elementor-element-d25d812 elementor-widget__width-initial elementor-widget elementor-widget-text-editor\" data-id=\"d25d812\" data-element_type=\"widget\" data-widget_type=\"text-editor.default\">\n\t\t\t\t\t\t\t\t\t<p>22.00\u20ac<\/p>\t\t\t\t\t\t\t\t<\/div>\n\t\t\t\t<\/div>\n\t\t\t\t<\/div>\n\t\t\t\t<\/div>\n\t\t\t\t<\/div>\n\t\t<div class=\"elementor-element elementor-element-938cad2 e-con-full e-flex e-con e-child\" data-id=\"938cad2\" data-element_type=\"container\">\n\t\t\t\t<div class=\"elementor-element elementor-element-ac773f6 elementor-widget__width-initial elementor-widget elementor-widget-image\" data-id=\"ac773f6\" data-element_type=\"widget\" data-widget_type=\"image.default\">\n\t\t\t\t\t\t\t\t\t\t\t\t\t\t\t<img loading=\"lazy\" decoding=\"async\" width=\"300\" height=\"300\" src=\"https:\/\/rcv.wp.targx.io\/wp-content\/uploads\/2025\/10\/bilh3-300x300.png\" class=\"attachment-medium size-medium wp-image-724\" alt=\"\" srcset=\"https:\/\/rcv.wp.targx.io\/wp-content\/uploads\/2025\/10\/bilh3-300x300.png 300w, https:\/\/rcv.wp.targx.io\/wp-content\/uploads\/2025\/10\/bilh3-150x150.png 150w, https:\/\/rcv.wp.targx.io\/wp-content\/uploads\/2025\/10\/bilh3-12x12.png 12w, https:\/\/rcv.wp.targx.io\/wp-content\/uploads\/2025\/10\/bilh3-100x100.png 100w, https:\/\/rcv.wp.targx.io\/wp-content\/uploads\/2025\/10\/bilh3.png 325w\" sizes=\"(max-width: 300px) 100vw, 300px\" \/>\t\t\t\t\t\t\t\t\t\t\t\t\t\t\t<\/div>\n\t\t<div class=\"elementor-element elementor-element-67f530b e-con-full e-flex e-con e-child\" data-id=\"67f530b\" data-element_type=\"container\">\n\t\t\t\t<div class=\"elementor-element elementor-element-114ef3b elementor-widget elementor-widget-heading\" data-id=\"114ef3b\" data-element_type=\"widget\" data-widget_type=\"heading.default\">\n\t\t\t\t\t<h2 class=\"elementor-heading-title elementor-size-default\">Provas<\/h2>\t\t\t\t<\/div>\n\t\t<div class=\"elementor-element elementor-element-aa98d5b e-con-full e-flex e-con e-child\" data-id=\"aa98d5b\" data-element_type=\"container\">\n\t\t<div class=\"elementor-element elementor-element-a50ee63 e-con-full e-flex e-con e-child\" data-id=\"a50ee63\" data-element_type=\"container\">\n\t\t\t\t<div class=\"elementor-element elementor-element-a08b015 elementor-widget__width-initial elementor-widget elementor-widget-text-editor\" data-id=\"a08b015\" data-element_type=\"widget\" data-widget_type=\"text-editor.default\">\n\t\t\t\t\t\t\t\t\t<p>Prova Cl\u00e1ssica<\/p>\n<h6>Inclui dois c\u00e1lices de vinho do Porto: Real Companhia Velha L\u00e1grima e Reserva Tawny da Quinta das Carvalhas<\/h6>\t\t\t\t\t\t\t\t<\/div>\n\t\t\t\t<div class=\"elementor-element elementor-element-9b91cf3 elementor-widget__width-initial elementor-widget elementor-widget-text-editor\" data-id=\"9b91cf3\" data-element_type=\"widget\" data-widget_type=\"text-editor.default\">\n\t\t\t\t\t\t\t\t\t<p>10.00\u20ac<\/p>\t\t\t\t\t\t\t\t<\/div>\n\t\t\t\t<\/div>\n\t\t<div class=\"elementor-element elementor-element-d99147c e-con-full e-flex e-con e-child\" data-id=\"d99147c\" data-element_type=\"container\">\n\t\t\t\t<div class=\"elementor-element elementor-element-64d28c4 elementor-widget__width-initial elementor-widget elementor-widget-text-editor\" data-id=\"64d28c4\" data-element_type=\"widget\" data-widget_type=\"text-editor.default\">\n\t\t\t\t\t\t\t\t\t<p>Prova Premium<\/p>\n<h6>Inclui tr\u00eas c\u00e1lices de vinho do Porto: Reserva Ruby da Quinta das Carvalhas; Royal Oporto Tawny 20 anos e Royal Oporto Tawny Colheita 1976<\/h6>\t\t\t\t\t\t\t\t<\/div>\n\t\t\t\t<div class=\"elementor-element elementor-element-2f05f92 elementor-widget__width-initial elementor-widget elementor-widget-text-editor\" data-id=\"2f05f92\" data-element_type=\"widget\" data-widget_type=\"text-editor.default\">\n\t\t\t\t\t\t\t\t\t<p>20.00\u20ac<\/p>\t\t\t\t\t\t\t\t<\/div>\n\t\t\t\t<\/div>\n\t\t<div class=\"elementor-element elementor-element-7e3f446 e-con-full e-flex e-con e-child\" data-id=\"7e3f446\" data-element_type=\"container\">\n\t\t\t\t<div class=\"elementor-element elementor-element-395bb6d elementor-widget__width-initial elementor-widget elementor-widget-text-editor\" data-id=\"395bb6d\" data-element_type=\"widget\" data-widget_type=\"text-editor.default\">\n\t\t\t\t\t\t\t\t\t<p>Prova Fundadores<\/p>\n<h6>Inclui tr\u00eas c\u00e1lices de vinho do Porto: Royal Oporto Tawny 10 anos; Royal Oporto Tawny 20 anos e Royal Oporto Tawny 40 anos<\/h6>\t\t\t\t\t\t\t\t<\/div>\n\t\t\t\t<div class=\"elementor-element elementor-element-dade1ed elementor-widget__width-initial elementor-widget elementor-widget-text-editor\" data-id=\"dade1ed\" data-element_type=\"widget\" data-widget_type=\"text-editor.default\">\n\t\t\t\t\t\t\t\t\t<p>25.00\u20ac<\/p>\t\t\t\t\t\t\t\t<\/div>\n\t\t\t\t<\/div>\n\t\t\t\t<\/div>\n\t\t\t\t<\/div>\n\t\t\t\t<\/div>\n\t\t\t\t<div class=\"elementor-element elementor-element-daa3991 elementor-align-center elementor-widget elementor-widget-button\" data-id=\"daa3991\" data-element_type=\"widget\" data-widget_type=\"button.default\">\n\t\t\t\t\t\t\t\t\t\t<a class=\"elementor-button elementor-button-link elementor-size-sm\" href=\"https:\/\/rcv.wp.targx.io\/en\/bilheteira\/\">\n\t\t\t\t\t\t<span class=\"elementor-button-content-wrapper\">\n\t\t\t\t\t\t\t\t\t<span class=\"elementor-button-text\">Comprar Bilhetes<\/span>\n\t\t\t\t\t<\/span>\n\t\t\t\t\t<\/a>\n\t\t\t\t\t\t\t\t<\/div>\n\t\t\t\t\t<\/div>\n\t\t\t\t<\/div>\n\t\t<div class=\"elementor-element elementor-element-6be6a9b e-con-full e-flex e-con e-parent\" data-id=\"6be6a9b\" data-element_type=\"container\" data-settings=\"{&quot;background_background&quot;:&quot;classic&quot;}\">\n\t\t\t\t<div class=\"elementor-element elementor-element-67732f6 elementor-widget elementor-widget-heading\" data-id=\"67732f6\" data-element_type=\"widget\" data-widget_type=\"heading.default\">\n\t\t\t\t\t<h2 class=\"elementor-heading-title elementor-size-default\">Agende a sua visita<\/h2>\t\t\t\t<\/div>\n\t\t<div class=\"elementor-element elementor-element-07bdb74 e-flex e-con-boxed e-con e-child\" data-id=\"07bdb74\" data-element_type=\"container\" data-settings=\"{&quot;background_background&quot;:&quot;classic&quot;}\">\n\t\t\t\t\t<div class=\"e-con-inner\">\n\t\t\t\t<div class=\"elementor-element elementor-element-1553627 elementor-button-align-center elementor-widget elementor-widget-form\" data-id=\"1553627\" data-element_type=\"widget\" data-settings=\"{&quot;step_next_label&quot;:&quot;Next&quot;,&quot;step_previous_label&quot;:&quot;Previous&quot;,&quot;step_type&quot;:&quot;number_text&quot;,&quot;step_icon_shape&quot;:&quot;circle&quot;}\" data-widget_type=\"form.default\">\n\t\t\t\t\t\t\t<form class=\"elementor-form\" method=\"post\" name=\"New Form\" aria-label=\"New Form\" action=\"\">\n\t\t\t<input type=\"hidden\" name=\"post_id\" value=\"275\"\/>\n\t\t\t<input type=\"hidden\" name=\"form_id\" value=\"1553627\"\/>\n\t\t\t<input type=\"hidden\" name=\"referer_title\" value=\"Bilhetes\" \/>\n\n\t\t\t\t\t\t\t<input type=\"hidden\" name=\"queried_id\" value=\"275\"\/>\n\t\t\t\n\t\t\t<div class=\"elementor-form-fields-wrapper elementor-labels-\">\n\t\t\t\t\t\t\t\t<div class=\"elementor-field-type-text elementor-field-group elementor-column elementor-field-group-name elementor-col-100 elementor-field-required\">\n\t\t\t\t\t\t\t\t\t\t\t\t<label for=\"form-field-name\" class=\"elementor-field-label elementor-screen-only\">\n\t\t\t\t\t\t\t\tNome\t\t\t\t\t\t\t<\/label>\n\t\t\t\t\t\t\t\t\t\t\t\t\t\t<input size=\"1\" type=\"text\" name=\"form_fields[name]\" id=\"form-field-name\" class=\"elementor-field elementor-size-sm  elementor-field-textual\" placeholder=\"Nome\" required=\"required\">\n\t\t\t\t\t\t\t\t\t\t\t<\/div>\n\t\t\t\t\t\t\t\t<div class=\"elementor-field-type-email elementor-field-group elementor-column elementor-field-group-email elementor-col-100 elementor-field-required\">\n\t\t\t\t\t\t\t\t\t\t\t\t<label for=\"form-field-email\" class=\"elementor-field-label elementor-screen-only\">\n\t\t\t\t\t\t\t\tEmail\t\t\t\t\t\t\t<\/label>\n\t\t\t\t\t\t\t\t\t\t\t\t\t\t<input size=\"1\" type=\"email\" name=\"form_fields[email]\" id=\"form-field-email\" class=\"elementor-field elementor-size-sm  elementor-field-textual\" placeholder=\"Email\" required=\"required\">\n\t\t\t\t\t\t\t\t\t\t\t<\/div>\n\t\t\t\t\t\t\t\t<div class=\"elementor-field-type-text elementor-field-group elementor-column elementor-field-group-field_b68626f elementor-col-100 elementor-field-required\">\n\t\t\t\t\t\t\t\t\t\t\t\t<label for=\"form-field-field_b68626f\" class=\"elementor-field-label elementor-screen-only\">\n\t\t\t\t\t\t\t\tContato Telef\u00f3nico\t\t\t\t\t\t\t<\/label>\n\t\t\t\t\t\t\t\t\t\t\t\t\t\t<input size=\"1\" type=\"text\" name=\"form_fields[field_b68626f]\" id=\"form-field-field_b68626f\" class=\"elementor-field elementor-size-sm  elementor-field-textual\" placeholder=\"Contato telef\u00f3nico\" required=\"required\">\n\t\t\t\t\t\t\t\t\t\t\t<\/div>\n\t\t\t\t\t\t\t\t<div class=\"elementor-field-type-textarea elementor-field-group elementor-column elementor-field-group-message elementor-col-100 elementor-field-required\">\n\t\t\t\t\t\t\t\t\t\t\t\t<label for=\"form-field-message\" class=\"elementor-field-label elementor-screen-only\">\n\t\t\t\t\t\t\t\tMessage\t\t\t\t\t\t\t<\/label>\n\t\t\t\t\t\t<textarea class=\"elementor-field-textual elementor-field  elementor-size-sm\" name=\"form_fields[message]\" id=\"form-field-message\" rows=\"4\" placeholder=\"A sua mensagem\" required=\"required\"><\/textarea>\t\t\t\t<\/div>\n\t\t\t\t\t\t\t\t<div class=\"elementor-field-type-acceptance elementor-field-group elementor-column elementor-field-group-field_e53c17d elementor-col-100\">\n\t\t\t\t\t\t\t<div class=\"elementor-field-subgroup\">\n\t\t\t<span class=\"elementor-field-option\">\n\t\t\t\t<input type=\"checkbox\" name=\"form_fields[field_e53c17d]\" id=\"form-field-field_e53c17d\" class=\"elementor-field elementor-size-sm  elementor-acceptance-field\">\n\t\t\t\t<label for=\"form-field-field_e53c17d\">Consinto que a Real Companhia Velha processe as informa\u00e7\u00f5es enviadas para responder ao meu pedido<\/label>\t\t\t<\/span>\n\t\t<\/div>\n\t\t\t\t\t\t<\/div>\n\t\t\t\t\t\t\t\t<div class=\"elementor-field-group elementor-column elementor-field-type-submit elementor-col-100 e-form__buttons\">\n\t\t\t\t\t<button class=\"elementor-button elementor-size-sm\" type=\"submit\">\n\t\t\t\t\t\t<span class=\"elementor-button-content-wrapper\">\n\t\t\t\t\t\t\t\t\t\t\t\t\t\t\t\t\t\t\t\t\t\t<span class=\"elementor-button-text\">Submeter<\/span>\n\t\t\t\t\t\t\t\t\t\t\t\t\t<\/span>\n\t\t\t\t\t<\/button>\n\t\t\t\t<\/div>\n\t\t\t<\/div>\n\t\t<input type=\"hidden\" name=\"trp-form-language\" value=\"en\"\/><\/form>\n\t\t\t\t\t\t<\/div>\n\t\t\t\t\t<\/div>\n\t\t\t\t<\/div>\n\t\t\t\t<\/div>\n\t\t\t\t<\/div>","protected":false},"excerpt":{"rendered":"<p>Compra de Bilhetes Exposi\u00e7\u00e3o Entrada Simples 5.00\u20ac Entrada Infantil Entre os 6 e os 12 anos de idade 2.50\u20ac Entrada Gratuita Membros do ICOM e APOM (Mediante identifica\u00e7\u00e3o)2\u00ba S\u00e1bado de cada m\u00eas (cidad\u00e3os nacionais e\/ou residentes em territ\u00f3rio nacional \u2013 mediante identifica\u00e7\u00e3o) Exposi\u00e7\u00e3o e Prova Porto Experience Bilhete Museu + Prova Cl\u00e1ssica. Inclui duas provas [&hellip;]<\/p>","protected":false},"author":1,"featured_media":0,"parent":0,"menu_order":0,"comment_status":"closed","ping_status":"closed","template":"","meta":{"_acf_changed":false,"footnotes":""},"class_list":["post-275","page","type-page","status-publish","hentry"],"acf":[],"_links":{"self":[{"href":"https:\/\/rcv.wp.targx.io\/en\/wp-json\/wp\/v2\/pages\/275","targetHints":{"allow":["GET"]}}],"collection":[{"href":"https:\/\/rcv.wp.targx.io\/en\/wp-json\/wp\/v2\/pages"}],"about":[{"href":"https:\/\/rcv.wp.targx.io\/en\/wp-json\/wp\/v2\/types\/page"}],"author":[{"embeddable":true,"href":"https:\/\/rcv.wp.targx.io\/en\/wp-json\/wp\/v2\/users\/1"}],"replies":[{"embeddable":true,"href":"https:\/\/rcv.wp.targx.io\/en\/wp-json\/wp\/v2\/comments?post=275"}],"version-history":[{"count":43,"href":"https:\/\/rcv.wp.targx.io\/en\/wp-json\/wp\/v2\/pages\/275\/revisions"}],"predecessor-version":[{"id":754,"href":"https:\/\/rcv.wp.targx.io\/en\/wp-json\/wp\/v2\/pages\/275\/revisions\/754"}],"wp:attachment":[{"href":"https:\/\/rcv.wp.targx.io\/en\/wp-json\/wp\/v2\/media?parent=275"}],"curies":[{"name":"wp","href":"https:\/\/api.w.org\/{rel}","templated":true}]}}