{"id":127,"date":"2025-09-14T15:26:09","date_gmt":"2025-09-14T15:26:09","guid":{"rendered":"https:\/\/rcv.wp.targx.io\/?page_id=127"},"modified":"2025-10-09T10:42:17","modified_gmt":"2025-10-09T10:42:17","slug":"visitar","status":"publish","type":"page","link":"https:\/\/rcv.wp.targx.io\/en\/visitar\/","title":{"rendered":"Visitar"},"content":{"rendered":"<div data-elementor-type=\"wp-page\" data-elementor-id=\"127\" class=\"elementor elementor-127\" data-elementor-post-type=\"page\">\n\t\t\t\t<div class=\"elementor-element elementor-element-691ee54 e-con-full e-flex e-con e-parent\" data-id=\"691ee54\" data-element_type=\"container\" data-settings=\"{&quot;background_background&quot;:&quot;classic&quot;}\">\n\t\t\t\t<div class=\"elementor-element elementor-element-83d8cd2 elementor-widget__width-inherit elementor-widget elementor-widget-image\" data-id=\"83d8cd2\" data-element_type=\"widget\" data-widget_type=\"image.default\">\n\t\t\t\t\t\t\t\t\t\t\t\t\t\t\t<img fetchpriority=\"high\" decoding=\"async\" width=\"1440\" height=\"615\" src=\"https:\/\/rcv.wp.targx.io\/wp-content\/uploads\/2025\/09\/Visitar-Banner.png\" class=\"attachment-2048x2048 size-2048x2048 wp-image-133\" alt=\"\" srcset=\"https:\/\/rcv.wp.targx.io\/wp-content\/uploads\/2025\/09\/Visitar-Banner.png 1440w, https:\/\/rcv.wp.targx.io\/wp-content\/uploads\/2025\/09\/Visitar-Banner-300x128.png 300w, https:\/\/rcv.wp.targx.io\/wp-content\/uploads\/2025\/09\/Visitar-Banner-1024x437.png 1024w, https:\/\/rcv.wp.targx.io\/wp-content\/uploads\/2025\/09\/Visitar-Banner-768x328.png 768w, https:\/\/rcv.wp.targx.io\/wp-content\/uploads\/2025\/09\/Visitar-Banner-18x8.png 18w\" sizes=\"(max-width: 1440px) 100vw, 1440px\" \/>\t\t\t\t\t\t\t\t\t\t\t\t\t\t\t<\/div>\n\t\t\t\t<div class=\"elementor-element elementor-element-a4a6b6a elementor-widget elementor-widget-heading\" data-id=\"a4a6b6a\" data-element_type=\"widget\" data-widget_type=\"heading.default\">\n\t\t\t\t\t<h2 class=\"elementor-heading-title elementor-size-default\">Visitar<\/h2>\t\t\t\t<\/div>\n\t\t\t\t<\/div>\n\t\t<div class=\"elementor-element elementor-element-cb4bb6d e-con-full e-flex e-con e-parent\" data-id=\"cb4bb6d\" data-element_type=\"container\">\n\t\t<div class=\"elementor-element elementor-element-139b89c e-con-full e-flex e-con e-child\" data-id=\"139b89c\" data-element_type=\"container\">\n\t\t\t\t<div class=\"elementor-element elementor-element-e1e2808 elementor-widget__width-inherit elementor-widget elementor-widget-heading\" data-id=\"e1e2808\" data-element_type=\"widget\" data-widget_type=\"heading.default\">\n\t\t\t\t\t<h2 class=\"elementor-heading-title elementor-size-default\">Hor\u00e1rios<\/h2>\t\t\t\t<\/div>\n\t\t\t\t<div class=\"elementor-element elementor-element-59488b3 elementor-widget elementor-widget-text-editor\" data-id=\"59488b3\" data-element_type=\"widget\" data-widget_type=\"text-editor.default\">\n\t\t\t\t\t\t\t\t\t<p><strong>Aberto<\/strong>. de Ter\u00e7a-feira a Sexta-feira, entre as 10:30h e as 18:30h (\u00faltima admiss\u00e3o: 18:00h) | de S\u00e1bado a Domingo, entre as 11:00h e as 18:30h (\u00faltima admiss\u00e3o: 18:00h). Ao Domingo encerra entre as 13:00h e as 14:00h. <br \/><strong>Encerrado<\/strong>. \u00c0 Segunda-feira. E nos dias 25 de Dezembro e 1 de Janeiro.<\/p>\t\t\t\t\t\t\t\t<\/div>\n\t\t\t\t<div class=\"elementor-element elementor-element-8b3eedf elementor-widget elementor-widget-button\" data-id=\"8b3eedf\" data-element_type=\"widget\" data-widget_type=\"button.default\">\n\t\t\t\t\t\t\t\t\t\t<a class=\"elementor-button elementor-button-link elementor-size-sm\" href=\"https:\/\/rcv.wp.targx.io\/en\/bilheteira\/\">\n\t\t\t\t\t\t<span class=\"elementor-button-content-wrapper\">\n\t\t\t\t\t\t\t\t\t<span class=\"elementor-button-text\">Comprar Bilhetes<\/span>\n\t\t\t\t\t<\/span>\n\t\t\t\t\t<\/a>\n\t\t\t\t\t\t\t\t<\/div>\n\t\t\t\t<\/div>\n\t\t<div class=\"elementor-element elementor-element-48166e0 e-con-full e-flex e-con e-child\" data-id=\"48166e0\" data-element_type=\"container\" data-settings=\"{&quot;background_background&quot;:&quot;classic&quot;}\">\n\t\t\t\t<\/div>\n\t\t\t\t<\/div>\n\t\t<div class=\"elementor-element elementor-element-c903758 e-flex e-con-boxed e-con e-parent\" data-id=\"c903758\" data-element_type=\"container\">\n\t\t\t\t\t<div class=\"e-con-inner\">\n\t\t<div class=\"elementor-element elementor-element-80285f3 e-con-full e-flex e-con e-child\" data-id=\"80285f3\" data-element_type=\"container\">\n\t\t\t\t<div class=\"elementor-element elementor-element-1afdd54 elementor-widget__width-initial elementor-widget elementor-widget-image\" data-id=\"1afdd54\" data-element_type=\"widget\" data-widget_type=\"image.default\">\n\t\t\t\t\t\t\t\t\t\t\t\t\t\t\t<img decoding=\"async\" width=\"300\" height=\"300\" src=\"https:\/\/rcv.wp.targx.io\/wp-content\/uploads\/2025\/10\/bilh1-300x300.png\" class=\"attachment-medium size-medium wp-image-728\" alt=\"\" srcset=\"https:\/\/rcv.wp.targx.io\/wp-content\/uploads\/2025\/10\/bilh1-300x300.png 300w, https:\/\/rcv.wp.targx.io\/wp-content\/uploads\/2025\/10\/bilh1-150x150.png 150w, https:\/\/rcv.wp.targx.io\/wp-content\/uploads\/2025\/10\/bilh1-12x12.png 12w, https:\/\/rcv.wp.targx.io\/wp-content\/uploads\/2025\/10\/bilh1-100x100.png 100w, https:\/\/rcv.wp.targx.io\/wp-content\/uploads\/2025\/10\/bilh1.png 325w\" sizes=\"(max-width: 300px) 100vw, 300px\" \/>\t\t\t\t\t\t\t\t\t\t\t\t\t\t\t<\/div>\n\t\t<div class=\"elementor-element elementor-element-ae08abe e-con-full e-flex e-con e-child\" data-id=\"ae08abe\" data-element_type=\"container\">\n\t\t\t\t<div class=\"elementor-element elementor-element-4685b7a elementor-widget elementor-widget-heading\" data-id=\"4685b7a\" data-element_type=\"widget\" data-widget_type=\"heading.default\">\n\t\t\t\t\t<h2 class=\"elementor-heading-title elementor-size-default\">Exposi\u00e7\u00e3o<\/h2>\t\t\t\t<\/div>\n\t\t<div class=\"elementor-element elementor-element-e23e0e2 e-con-full e-flex e-con e-child\" data-id=\"e23e0e2\" data-element_type=\"container\">\n\t\t<div class=\"elementor-element elementor-element-3c61d02 e-con-full e-flex e-con e-child\" data-id=\"3c61d02\" data-element_type=\"container\">\n\t\t\t\t<div class=\"elementor-element elementor-element-6345127 elementor-widget__width-initial elementor-widget elementor-widget-text-editor\" data-id=\"6345127\" data-element_type=\"widget\" data-widget_type=\"text-editor.default\">\n\t\t\t\t\t\t\t\t\t<p>Entrada Simples<\/p>\t\t\t\t\t\t\t\t<\/div>\n\t\t\t\t<div class=\"elementor-element elementor-element-b47c058 elementor-widget__width-initial elementor-widget elementor-widget-text-editor\" data-id=\"b47c058\" data-element_type=\"widget\" data-widget_type=\"text-editor.default\">\n\t\t\t\t\t\t\t\t\t<p>5.00\u20ac<\/p>\t\t\t\t\t\t\t\t<\/div>\n\t\t\t\t<\/div>\n\t\t<div class=\"elementor-element elementor-element-b4deeba e-con-full e-flex e-con e-child\" data-id=\"b4deeba\" data-element_type=\"container\">\n\t\t\t\t<div class=\"elementor-element elementor-element-86515ab elementor-widget__width-initial elementor-widget elementor-widget-text-editor\" data-id=\"86515ab\" data-element_type=\"widget\" data-widget_type=\"text-editor.default\">\n\t\t\t\t\t\t\t\t\t<p>Entrada Infantil<\/p>\n<h6>Entre os 6 e os 12 anos de idade<\/h6>\t\t\t\t\t\t\t\t<\/div>\n\t\t\t\t<div class=\"elementor-element elementor-element-93c8734 elementor-widget__width-initial elementor-widget elementor-widget-text-editor\" data-id=\"93c8734\" data-element_type=\"widget\" data-widget_type=\"text-editor.default\">\n\t\t\t\t\t\t\t\t\t<p>2.50\u20ac<\/p>\t\t\t\t\t\t\t\t<\/div>\n\t\t\t\t<\/div>\n\t\t<div class=\"elementor-element elementor-element-c2e8987 e-con-full e-flex e-con e-child\" data-id=\"c2e8987\" data-element_type=\"container\">\n\t\t\t\t<div class=\"elementor-element elementor-element-c9ce02c elementor-widget__width-initial elementor-widget elementor-widget-text-editor\" data-id=\"c9ce02c\" data-element_type=\"widget\" data-widget_type=\"text-editor.default\">\n\t\t\t\t\t\t\t\t\t<p>Entrada Gratuita<\/p>\n<h6>Membros do ICOM e APOM (Mediante identifica\u00e7\u00e3o)<br \/>2\u00ba S\u00e1bado de cada m\u00eas (cidad\u00e3os nacionais e\/ou residentes em territ\u00f3rio nacional \u2013 mediante identifica\u00e7\u00e3o)<\/h6>\t\t\t\t\t\t\t\t<\/div>\n\t\t\t\t<\/div>\n\t\t\t\t<\/div>\n\t\t\t\t<\/div>\n\t\t\t\t<\/div>\n\t\t<div class=\"elementor-element elementor-element-601b9e2 e-con-full e-flex e-con e-child\" data-id=\"601b9e2\" data-element_type=\"container\">\n\t\t\t\t<div class=\"elementor-element elementor-element-6d83e76 elementor-widget__width-initial elementor-widget elementor-widget-image\" data-id=\"6d83e76\" data-element_type=\"widget\" data-widget_type=\"image.default\">\n\t\t\t\t\t\t\t\t\t\t\t\t\t\t\t<img decoding=\"async\" width=\"300\" height=\"300\" src=\"https:\/\/rcv.wp.targx.io\/wp-content\/uploads\/2025\/10\/bilh2-300x300.png\" class=\"attachment-medium size-medium wp-image-723\" alt=\"\" srcset=\"https:\/\/rcv.wp.targx.io\/wp-content\/uploads\/2025\/10\/bilh2-300x300.png 300w, https:\/\/rcv.wp.targx.io\/wp-content\/uploads\/2025\/10\/bilh2-150x150.png 150w, https:\/\/rcv.wp.targx.io\/wp-content\/uploads\/2025\/10\/bilh2-12x12.png 12w, https:\/\/rcv.wp.targx.io\/wp-content\/uploads\/2025\/10\/bilh2-100x100.png 100w, https:\/\/rcv.wp.targx.io\/wp-content\/uploads\/2025\/10\/bilh2.png 325w\" sizes=\"(max-width: 300px) 100vw, 300px\" \/>\t\t\t\t\t\t\t\t\t\t\t\t\t\t\t<\/div>\n\t\t<div class=\"elementor-element elementor-element-ad1ff14 e-con-full e-flex e-con e-child\" data-id=\"ad1ff14\" data-element_type=\"container\">\n\t\t\t\t<div class=\"elementor-element elementor-element-3dee37f elementor-widget elementor-widget-heading\" data-id=\"3dee37f\" data-element_type=\"widget\" data-widget_type=\"heading.default\">\n\t\t\t\t\t<h2 class=\"elementor-heading-title elementor-size-default\">Exposi\u00e7\u00e3o e Prova<\/h2>\t\t\t\t<\/div>\n\t\t<div class=\"elementor-element elementor-element-b68db44 e-con-full e-flex e-con e-child\" data-id=\"b68db44\" data-element_type=\"container\">\n\t\t<div class=\"elementor-element elementor-element-0fa3c10 e-con-full e-flex e-con e-child\" data-id=\"0fa3c10\" data-element_type=\"container\">\n\t\t\t\t<div class=\"elementor-element elementor-element-a041983 elementor-widget__width-initial elementor-widget elementor-widget-text-editor\" data-id=\"a041983\" data-element_type=\"widget\" data-widget_type=\"text-editor.default\">\n\t\t\t\t\t\t\t\t\t<p>Porto Experience<\/p>\n<h6>Bilhete Museu + Prova Cl\u00e1ssica. Inclui duas provas de vinho do Porto: Real Companhia Velha L\u00e1grima e Reserva Tawny da Quinta das Carvalhas<\/h6>\t\t\t\t\t\t\t\t<\/div>\n\t\t\t\t<div class=\"elementor-element elementor-element-74a773b elementor-widget__width-initial elementor-widget elementor-widget-text-editor\" data-id=\"74a773b\" data-element_type=\"widget\" data-widget_type=\"text-editor.default\">\n\t\t\t\t\t\t\t\t\t<p>12.00\u20ac<\/p>\t\t\t\t\t\t\t\t<\/div>\n\t\t\t\t<\/div>\n\t\t<div class=\"elementor-element elementor-element-06ca99a e-con-full e-flex e-con e-child\" data-id=\"06ca99a\" data-element_type=\"container\">\n\t\t\t\t<div class=\"elementor-element elementor-element-46806c6 elementor-widget__width-initial elementor-widget elementor-widget-text-editor\" data-id=\"46806c6\" data-element_type=\"widget\" data-widget_type=\"text-editor.default\">\n\t\t\t\t\t\t\t\t\t<p>Enoteca Experience<\/p>\n<h6>Bilhete Museu + Prova Enoteca. Inclui 4 provas de vinho do Porto: Real Companhia Velha L\u00e1grima; Reserva Ruby da Quinta das Carvalhas, Reserva Tawny da Quinta das Carvalhas e Royal Oporto Tawny 10 anos<\/h6>\t\t\t\t\t\t\t\t<\/div>\n\t\t\t\t<div class=\"elementor-element elementor-element-d25d812 elementor-widget__width-initial elementor-widget elementor-widget-text-editor\" data-id=\"d25d812\" data-element_type=\"widget\" data-widget_type=\"text-editor.default\">\n\t\t\t\t\t\t\t\t\t<p>22.00\u20ac<\/p>\t\t\t\t\t\t\t\t<\/div>\n\t\t\t\t<\/div>\n\t\t\t\t<\/div>\n\t\t\t\t<\/div>\n\t\t\t\t<\/div>\n\t\t<div class=\"elementor-element elementor-element-938cad2 e-con-full e-flex e-con e-child\" data-id=\"938cad2\" data-element_type=\"container\">\n\t\t\t\t<div class=\"elementor-element elementor-element-ac773f6 elementor-widget__width-initial elementor-widget elementor-widget-image\" data-id=\"ac773f6\" data-element_type=\"widget\" data-widget_type=\"image.default\">\n\t\t\t\t\t\t\t\t\t\t\t\t\t\t\t<img loading=\"lazy\" decoding=\"async\" width=\"300\" height=\"300\" src=\"https:\/\/rcv.wp.targx.io\/wp-content\/uploads\/2025\/10\/bilh3-300x300.png\" class=\"attachment-medium size-medium wp-image-724\" alt=\"\" srcset=\"https:\/\/rcv.wp.targx.io\/wp-content\/uploads\/2025\/10\/bilh3-300x300.png 300w, https:\/\/rcv.wp.targx.io\/wp-content\/uploads\/2025\/10\/bilh3-150x150.png 150w, https:\/\/rcv.wp.targx.io\/wp-content\/uploads\/2025\/10\/bilh3-12x12.png 12w, https:\/\/rcv.wp.targx.io\/wp-content\/uploads\/2025\/10\/bilh3-100x100.png 100w, https:\/\/rcv.wp.targx.io\/wp-content\/uploads\/2025\/10\/bilh3.png 325w\" sizes=\"(max-width: 300px) 100vw, 300px\" \/>\t\t\t\t\t\t\t\t\t\t\t\t\t\t\t<\/div>\n\t\t<div class=\"elementor-element elementor-element-67f530b e-con-full e-flex e-con e-child\" data-id=\"67f530b\" data-element_type=\"container\">\n\t\t\t\t<div class=\"elementor-element elementor-element-114ef3b elementor-widget elementor-widget-heading\" data-id=\"114ef3b\" data-element_type=\"widget\" data-widget_type=\"heading.default\">\n\t\t\t\t\t<h2 class=\"elementor-heading-title elementor-size-default\">Provas<\/h2>\t\t\t\t<\/div>\n\t\t<div class=\"elementor-element elementor-element-aa98d5b e-con-full e-flex e-con e-child\" data-id=\"aa98d5b\" data-element_type=\"container\">\n\t\t<div class=\"elementor-element elementor-element-a50ee63 e-con-full e-flex e-con e-child\" data-id=\"a50ee63\" data-element_type=\"container\">\n\t\t\t\t<div class=\"elementor-element elementor-element-a08b015 elementor-widget__width-initial elementor-widget elementor-widget-text-editor\" data-id=\"a08b015\" data-element_type=\"widget\" data-widget_type=\"text-editor.default\">\n\t\t\t\t\t\t\t\t\t<p>Prova Cl\u00e1ssica<\/p>\n<h6>Inclui dois c\u00e1lices de vinho do Porto: Real Companhia Velha L\u00e1grima e Reserva Tawny da Quinta das Carvalhas<\/h6>\t\t\t\t\t\t\t\t<\/div>\n\t\t\t\t<div class=\"elementor-element elementor-element-9b91cf3 elementor-widget__width-initial elementor-widget elementor-widget-text-editor\" data-id=\"9b91cf3\" data-element_type=\"widget\" data-widget_type=\"text-editor.default\">\n\t\t\t\t\t\t\t\t\t<p>10.00\u20ac<\/p>\t\t\t\t\t\t\t\t<\/div>\n\t\t\t\t<\/div>\n\t\t<div class=\"elementor-element elementor-element-d99147c e-con-full e-flex e-con e-child\" data-id=\"d99147c\" data-element_type=\"container\">\n\t\t\t\t<div class=\"elementor-element elementor-element-64d28c4 elementor-widget__width-initial elementor-widget elementor-widget-text-editor\" data-id=\"64d28c4\" data-element_type=\"widget\" data-widget_type=\"text-editor.default\">\n\t\t\t\t\t\t\t\t\t<p>Prova Premium<\/p>\n<h6>Inclui tr\u00eas c\u00e1lices de vinho do Porto: Reserva Ruby da Quinta das Carvalhas; Royal Oporto Tawny 20 anos e Royal Oporto Tawny Colheita 1976<\/h6>\t\t\t\t\t\t\t\t<\/div>\n\t\t\t\t<div class=\"elementor-element elementor-element-2f05f92 elementor-widget__width-initial elementor-widget elementor-widget-text-editor\" data-id=\"2f05f92\" data-element_type=\"widget\" data-widget_type=\"text-editor.default\">\n\t\t\t\t\t\t\t\t\t<p>20.00\u20ac<\/p>\t\t\t\t\t\t\t\t<\/div>\n\t\t\t\t<\/div>\n\t\t<div class=\"elementor-element elementor-element-7e3f446 e-con-full e-flex e-con e-child\" data-id=\"7e3f446\" data-element_type=\"container\">\n\t\t\t\t<div class=\"elementor-element elementor-element-395bb6d elementor-widget__width-initial elementor-widget elementor-widget-text-editor\" data-id=\"395bb6d\" data-element_type=\"widget\" data-widget_type=\"text-editor.default\">\n\t\t\t\t\t\t\t\t\t<p>Prova Fundadores<\/p>\n<h6>Inclui tr\u00eas c\u00e1lices de vinho do Porto: Royal Oporto Tawny 10 anos; Royal Oporto Tawny 20 anos e Royal Oporto Tawny 40 anos<\/h6>\t\t\t\t\t\t\t\t<\/div>\n\t\t\t\t<div class=\"elementor-element elementor-element-dade1ed elementor-widget__width-initial elementor-widget elementor-widget-text-editor\" data-id=\"dade1ed\" data-element_type=\"widget\" data-widget_type=\"text-editor.default\">\n\t\t\t\t\t\t\t\t\t<p>25.00\u20ac<\/p>\t\t\t\t\t\t\t\t<\/div>\n\t\t\t\t<\/div>\n\t\t\t\t<\/div>\n\t\t\t\t<\/div>\n\t\t\t\t<\/div>\n\t\t\t\t<div class=\"elementor-element elementor-element-738c470 elementor-align-center elementor-widget elementor-widget-button\" data-id=\"738c470\" data-element_type=\"widget\" data-widget_type=\"button.default\">\n\t\t\t\t\t\t\t\t\t\t<a class=\"elementor-button elementor-button-link elementor-size-sm\" href=\"https:\/\/rcv.wp.targx.io\/en\/bilhetes\/\">\n\t\t\t\t\t\t<span class=\"elementor-button-content-wrapper\">\n\t\t\t\t\t\t\t\t\t<span class=\"elementor-button-text\">Comprar bilhetes<\/span>\n\t\t\t\t\t<\/span>\n\t\t\t\t\t<\/a>\n\t\t\t\t\t\t\t\t<\/div>\n\t\t\t\t\t<\/div>\n\t\t\t\t<\/div>\n\t\t<div class=\"elementor-element elementor-element-d1dc91e e-con-full e-flex e-con e-parent\" data-id=\"d1dc91e\" data-element_type=\"container\">\n\t\t<div class=\"elementor-element elementor-element-f844562 e-con-full e-flex e-con e-child\" data-id=\"f844562\" data-element_type=\"container\" data-settings=\"{&quot;background_background&quot;:&quot;classic&quot;}\">\n\t\t\t\t<div class=\"elementor-element elementor-element-be7cb56 elementor-widget elementor-widget-google_maps\" data-id=\"be7cb56\" data-element_type=\"widget\" data-widget_type=\"google_maps.default\">\n\t\t\t\t\t\t\t<div class=\"elementor-custom-embed\">\n\t\t\t<iframe loading=\"lazy\"\n\t\t\t\t\tsrc=\"https:\/\/maps.google.com\/maps?q=museu%20da%20primeira%20demarca%C3%A7%C3%A3o&#038;t=m&#038;z=19&#038;output=embed&#038;iwloc=near\"\n\t\t\t\t\ttitle=\"museu da primeira demarca\u00e7\u00e3o\"\n\t\t\t\t\taria-label=\"museu da primeira demarca\u00e7\u00e3o\"\n\t\t\t><\/iframe>\n\t\t<\/div>\n\t\t\t\t\t\t<\/div>\n\t\t\t\t<\/div>\n\t\t<div class=\"elementor-element elementor-element-83d1a0e e-con-full e-flex e-con e-child\" data-id=\"83d1a0e\" data-element_type=\"container\">\n\t\t\t\t<div class=\"elementor-element elementor-element-df26098 elementor-widget elementor-widget-heading\" data-id=\"df26098\" data-element_type=\"widget\" data-widget_type=\"heading.default\">\n\t\t\t\t\t<h2 class=\"elementor-heading-title elementor-size-default\">Como chegar<\/h2>\t\t\t\t<\/div>\n\t\t<div class=\"elementor-element elementor-element-39a4690 e-flex e-con-boxed e-con e-child\" data-id=\"39a4690\" data-element_type=\"container\">\n\t\t\t\t\t<div class=\"e-con-inner\">\n\t\t\t\t<div class=\"elementor-element elementor-element-1568a49 elementor-widget__width-initial elementor-widget elementor-widget-text-editor\" data-id=\"1568a49\" data-element_type=\"widget\" data-widget_type=\"text-editor.default\">\n\t\t\t\t\t\t\t\t\t<p>Morada<\/p>\t\t\t\t\t\t\t\t<\/div>\n\t\t\t\t<div class=\"elementor-element elementor-element-8330940 elementor-widget__width-initial elementor-widget elementor-widget-text-editor\" data-id=\"8330940\" data-element_type=\"widget\" data-widget_type=\"text-editor.default\">\n\t\t\t\t\t\t\t\t\t<p>Alameda da Rua Serpa Pinto, 44b<br \/>Av. Ramos Pinto, n\u00ba 118<\/p>\t\t\t\t\t\t\t\t<\/div>\n\t\t\t\t\t<\/div>\n\t\t\t\t<\/div>\n\t\t<div class=\"elementor-element elementor-element-7a7224a e-con-full e-flex e-con e-child\" data-id=\"7a7224a\" data-element_type=\"container\">\n\t\t\t\t<div class=\"elementor-element elementor-element-ce8eda1 elementor-widget__width-initial elementor-widget elementor-widget-text-editor\" data-id=\"ce8eda1\" data-element_type=\"widget\" data-widget_type=\"text-editor.default\">\n\t\t\t\t\t\t\t\t\t<p>Parque<\/p>\t\t\t\t\t\t\t\t<\/div>\n\t\t\t\t<div class=\"elementor-element elementor-element-7553798 elementor-widget__width-initial elementor-widget elementor-widget-text-editor\" data-id=\"7553798\" data-element_type=\"widget\" data-widget_type=\"text-editor.default\">\n\t\t\t\t\t\t\t\t\t<p>Parque de estacionamento SABA<br \/>Beira Rio Rua Serpa Pinto, 44<br \/>Parque de estacionamento Cais de Gaia<br \/>Av. Serpa Pinto, 710<\/p>\t\t\t\t\t\t\t\t<\/div>\n\t\t\t\t<\/div>\n\t\t<div class=\"elementor-element elementor-element-39765ee e-con-full e-flex e-con e-child\" data-id=\"39765ee\" data-element_type=\"container\">\n\t\t\t\t<div class=\"elementor-element elementor-element-ec9773d elementor-widget__width-initial elementor-widget elementor-widget-text-editor\" data-id=\"ec9773d\" data-element_type=\"widget\" data-widget_type=\"text-editor.default\">\n\t\t\t\t\t\t\t\t\t<p>STCP<\/p>\t\t\t\t\t\t\t\t<\/div>\n\t\t\t\t<div class=\"elementor-element elementor-element-3357bbc elementor-widget__width-initial elementor-widget elementor-widget-text-editor\" data-id=\"3357bbc\" data-element_type=\"widget\" data-widget_type=\"text-editor.default\">\n\t\t\t\t\t\t\t\t\t<p>Paragem Largo Aljubarrota\u2028901\u00a0(sentido Trindade) |\u00a0906\u00a0(sentido Trindade)<\/p>\t\t\t\t\t\t\t\t<\/div>\n\t\t\t\t<\/div>\n\t\t<div class=\"elementor-element elementor-element-ccdf92f e-con-full e-flex e-con e-child\" data-id=\"ccdf92f\" data-element_type=\"container\">\n\t\t\t\t<div class=\"elementor-element elementor-element-18617ea elementor-widget__width-initial elementor-widget elementor-widget-text-editor\" data-id=\"18617ea\" data-element_type=\"widget\" data-widget_type=\"text-editor.default\">\n\t\t\t\t\t\t\t\t\t<p>Telef\u00e9rico<\/p>\t\t\t\t\t\t\t\t<\/div>\n\t\t\t\t<div class=\"elementor-element elementor-element-87d410a elementor-widget__width-initial elementor-widget elementor-widget-text-editor\" data-id=\"87d410a\" data-element_type=\"widget\" data-widget_type=\"text-editor.default\">\n\t\t\t\t\t\t\t\t\t<p>Telef\u00e9rico de Gaia<br \/>Esta\u00e7\u00e3o Baixa<\/p>\t\t\t\t\t\t\t\t<\/div>\n\t\t\t\t<\/div>\n\t\t\t\t<\/div>\n\t\t\t\t<\/div>\n\t\t<div class=\"elementor-element elementor-element-924b832 e-flex e-con-boxed e-con e-parent\" data-id=\"924b832\" data-element_type=\"container\">\n\t\t\t\t\t<div class=\"e-con-inner\">\n\t\t\t\t<div class=\"elementor-element elementor-element-ada80fa elementor-widget elementor-widget-heading\" data-id=\"ada80fa\" data-element_type=\"widget\" data-widget_type=\"heading.default\">\n\t\t\t\t\t<h2 class=\"elementor-heading-title elementor-size-default\">Regras de admiss\u00e3o<\/h2>\t\t\t\t<\/div>\n\t\t<div class=\"elementor-element elementor-element-8889c9a e-con-full e-flex e-con e-child\" data-id=\"8889c9a\" data-element_type=\"container\">\n\t\t<div class=\"elementor-element elementor-element-5349598 e-con-full e-flex e-con e-child\" data-id=\"5349598\" data-element_type=\"container\">\n\t\t\t\t<div class=\"elementor-element elementor-element-f5a6004 elementor-widget elementor-widget-text-editor\" data-id=\"f5a6004\" data-element_type=\"widget\" data-widget_type=\"text-editor.default\">\n\t\t\t\t\t\t\t\t\t<p>Tendo em considera\u00e7\u00e3o a preserva\u00e7\u00e3o do esp\u00f3lio em exposi\u00e7\u00e3o, <strong>o visitante n\u00e3o pode: <\/strong><br \/><br \/><strong>Tocar nas pe\u00e7as e vitrinas<\/strong><br \/><strong>Fumar<\/strong><br \/><strong>Fotografar com flash<\/strong><br \/><strong>Trazer animais, exceto c\u00e3es guia<\/strong><br \/><strong>Comer e beber<\/strong><\/p>\t\t\t\t\t\t\t\t<\/div>\n\t\t\t\t<\/div>\n\t\t<div class=\"elementor-element elementor-element-cb64cf5 e-con-full e-flex e-con e-child\" data-id=\"cb64cf5\" data-element_type=\"container\">\n\t\t\t\t<div class=\"elementor-element elementor-element-a1f87fc elementor-widget elementor-widget-text-editor\" data-id=\"a1f87fc\" data-element_type=\"widget\" data-widget_type=\"text-editor.default\">\n\t\t\t\t\t\t\t\t\t<p>Crian\u00e7as dever\u00e3o estar sempre acompanhadas por adultos.<br \/><br \/>Telem\u00f3veis e outros equipamentos em sil\u00eancio durante a visita.<br \/><br \/>Em visitas guiadas, todos os membros do grupo devem permanecer juntos.<\/p>\t\t\t\t\t\t\t\t<\/div>\n\t\t\t\t<\/div>\n\t\t<div class=\"elementor-element elementor-element-f4fc89d e-con-full e-flex e-con e-child\" data-id=\"f4fc89d\" data-element_type=\"container\">\n\t\t\t\t<div class=\"elementor-element elementor-element-801edb1 elementor-widget elementor-widget-text-editor\" data-id=\"801edb1\" data-element_type=\"widget\" data-widget_type=\"text-editor.default\">\n\t\t\t\t\t\t\t\t\t<p>Os objetos de grande dimens\u00e3o (mochilas, guarda-chuvas, entre outros) devem ser depositados no bengaleiro, que se encontra na \u00e1rea da bilheteira\/rece\u00e7\u00e3o do Museu.<br \/><br \/>Em caso de acidente, o mesmo dever\u00e1 ser comunicado de imediato a um elemento do staff do Museu.<\/p>\t\t\t\t\t\t\t\t<\/div>\n\t\t\t\t<\/div>\n\t\t\t\t<\/div>\n\t\t\t\t\t<\/div>\n\t\t\t\t<\/div>\n\t\t\t\t<\/div>","protected":false},"excerpt":{"rendered":"<p>Visitar Hor\u00e1rios Aberto. de Ter\u00e7a-feira a Sexta-feira, entre as 10:30h e as 18:30h (\u00faltima admiss\u00e3o: 18:00h) | de S\u00e1bado a Domingo, entre as 11:00h e as 18:30h (\u00faltima admiss\u00e3o: 18:00h). Ao Domingo encerra entre as 13:00h e as 14:00h. Encerrado. \u00c0 Segunda-feira. E nos dias 25 de Dezembro e 1 de Janeiro. Comprar Bilhetes Exposi\u00e7\u00e3o [&hellip;]<\/p>","protected":false},"author":1,"featured_media":0,"parent":0,"menu_order":0,"comment_status":"closed","ping_status":"closed","template":"","meta":{"_acf_changed":false,"footnotes":""},"class_list":["post-127","page","type-page","status-publish","hentry"],"acf":[],"_links":{"self":[{"href":"https:\/\/rcv.wp.targx.io\/en\/wp-json\/wp\/v2\/pages\/127","targetHints":{"allow":["GET"]}}],"collection":[{"href":"https:\/\/rcv.wp.targx.io\/en\/wp-json\/wp\/v2\/pages"}],"about":[{"href":"https:\/\/rcv.wp.targx.io\/en\/wp-json\/wp\/v2\/types\/page"}],"author":[{"embeddable":true,"href":"https:\/\/rcv.wp.targx.io\/en\/wp-json\/wp\/v2\/users\/1"}],"replies":[{"embeddable":true,"href":"https:\/\/rcv.wp.targx.io\/en\/wp-json\/wp\/v2\/comments?post=127"}],"version-history":[{"count":139,"href":"https:\/\/rcv.wp.targx.io\/en\/wp-json\/wp\/v2\/pages\/127\/revisions"}],"predecessor-version":[{"id":742,"href":"https:\/\/rcv.wp.targx.io\/en\/wp-json\/wp\/v2\/pages\/127\/revisions\/742"}],"wp:attachment":[{"href":"https:\/\/rcv.wp.targx.io\/en\/wp-json\/wp\/v2\/media?parent=127"}],"curies":[{"name":"wp","href":"https:\/\/api.w.org\/{rel}","templated":true}]}}